{"id":1476,"date":"2021-12-06T14:39:40","date_gmt":"2021-12-06T13:39:40","guid":{"rendered":"https:\/\/www.visitmarjan.com\/?page_id=1476"},"modified":"2023-03-15T10:25:38","modified_gmt":"2023-03-15T09:25:38","slug":"povijest-marjana","status":"publish","type":"page","link":"https:\/\/www.visitmarjan.com\/en\/povijest-marjana\/","title":{"rendered":"History of Marjan"},"content":{"rendered":"<p class=\"odlomak\" style=\"margin: 30px 335px 70px 128px;\">It is believed that the oldest prehistoric settlement on Marjan was in or around <strong>the Bambina Glavica area,<\/strong> due to its strategic position and nearby sources of drinking water. This is primarily evidenced <strong>by minor archaeological excavations<\/strong> that uncovered fragments of prehistoric vessels.<\/p>\n<p><img fetchpriority=\"high\" decoding=\"async\" class=\"alignnone wp-image-1448\" src=\"https:\/\/www.visitmarjan.com\/wp-content\/uploads\/2021\/12\/bambina-glavica-1-min-300x169.jpg\" alt=\"bambina glavica\" width=\"1195\" height=\"673\" srcset=\"https:\/\/www.visitmarjan.com\/wp-content\/uploads\/2021\/12\/bambina-glavica-1-min-300x169.jpg 300w, https:\/\/www.visitmarjan.com\/wp-content\/uploads\/2021\/12\/bambina-glavica-1-min-1024x576.jpg 1024w, https:\/\/www.visitmarjan.com\/wp-content\/uploads\/2021\/12\/bambina-glavica-1-min-768x432.jpg 768w, https:\/\/www.visitmarjan.com\/wp-content\/uploads\/2021\/12\/bambina-glavica-1-min.jpg 1196w\" sizes=\"(max-width: 1195px) 100vw, 1195px\" \/><\/p>\n<p class=\"odlomak translation-block\" style=\"margin: 70px 335px 70px 128px;\"><b>The Tabula Peutingeriana, a map of the road network from the 4th century Roman Empire,<\/b>  delineating the area from Britain to Persia, also includes the route to Marjan. The route passes through the village of Spalato, and continues towards Epetium and Salona. The road begins at a temple with an inscription \u2018ad Diana\u2019. Being drawn on the so-called world map, this station likely held more than just local significance, possibly serving as a larger station or there was a settlement nearby.<\/p>\n<p><img decoding=\"async\" class=\"alignnone wp-image-1413 lazyload\" data-src=\"https:\/\/www.visitmarjan.com\/wp-content\/uploads\/2021\/12\/ad-diana-1-min-300x201.jpg\" alt=\"kamena ku\u0107a\" width=\"1194\" height=\"800\" data-srcset=\"https:\/\/www.visitmarjan.com\/wp-content\/uploads\/2021\/12\/ad-diana-1-min-300x201.jpg 300w, https:\/\/www.visitmarjan.com\/wp-content\/uploads\/2021\/12\/ad-diana-1-min-1024x685.jpg 1024w, https:\/\/www.visitmarjan.com\/wp-content\/uploads\/2021\/12\/ad-diana-1-min-768x514.jpg 768w, https:\/\/www.visitmarjan.com\/wp-content\/uploads\/2021\/12\/ad-diana-1-min.jpg 1196w\" data-sizes=\"(max-width: 1194px) 100vw, 1194px\" src=\"data:image\/gif;base64,R0lGODlhAQABAAAAACH5BAEKAAEALAAAAAABAAEAAAICTAEAOw==\" style=\"--smush-placeholder-width: 1194px; --smush-placeholder-aspect-ratio: 1194\/800;\" \/><noscript><img decoding=\"async\" class=\"alignnone wp-image-1413\" src=\"https:\/\/www.visitmarjan.com\/wp-content\/uploads\/2021\/12\/ad-diana-1-min-300x201.jpg\" alt=\"kamena ku\u0107a\" width=\"1194\" height=\"800\" srcset=\"https:\/\/www.visitmarjan.com\/wp-content\/uploads\/2021\/12\/ad-diana-1-min-300x201.jpg 300w, https:\/\/www.visitmarjan.com\/wp-content\/uploads\/2021\/12\/ad-diana-1-min-1024x685.jpg 1024w, https:\/\/www.visitmarjan.com\/wp-content\/uploads\/2021\/12\/ad-diana-1-min-768x514.jpg 768w, https:\/\/www.visitmarjan.com\/wp-content\/uploads\/2021\/12\/ad-diana-1-min.jpg 1196w\" sizes=\"(max-width: 1194px) 100vw, 1194px\" \/><\/noscript><\/p>\n<p class=\"odlomak translation-block\" style=\"margin: 70px 335px 0px 128px;\"><b>The Benedictine abbey of St. Stephen the First Martyr on Sustipan <\/b>played a significant role in the history of Marjan and Split. It is dated around 1020. The monastery of S. Stephanus de Pinis or sub Pinis (under the pine trees) was founded and built by the citizens of Split who had the right to participate in the election of the abbot. The abbot was the most prominent citizen of Split after the bishop and the prince. The abbey reached its peak during the tenure of Archbishop Lovro of Split. One of its most famous residents was <b>Stjepan II, the last Croatian king from the Trpimirovi\u0107 lineage<\/b>. It is assumed that he was buried in Sustipan.<\/p>\n<p>&nbsp;<\/p>\n<p><img decoding=\"async\" class=\"alignnone wp-image-1462 lazyload\" data-src=\"https:\/\/www.visitmarjan.com\/wp-content\/uploads\/2021\/12\/bambina-glavica-2-min-300x169.jpg\" alt=\"\" width=\"1196\" height=\"673\" data-srcset=\"https:\/\/www.visitmarjan.com\/wp-content\/uploads\/2021\/12\/bambina-glavica-2-min-300x169.jpg 300w, https:\/\/www.visitmarjan.com\/wp-content\/uploads\/2021\/12\/bambina-glavica-2-min-1024x576.jpg 1024w, https:\/\/www.visitmarjan.com\/wp-content\/uploads\/2021\/12\/bambina-glavica-2-min-768x432.jpg 768w, https:\/\/www.visitmarjan.com\/wp-content\/uploads\/2021\/12\/bambina-glavica-2-min.jpg 1196w\" data-sizes=\"(max-width: 1196px) 100vw, 1196px\" src=\"data:image\/gif;base64,R0lGODlhAQABAAAAACH5BAEKAAEALAAAAAABAAEAAAICTAEAOw==\" style=\"--smush-placeholder-width: 1196px; --smush-placeholder-aspect-ratio: 1196\/673;\" \/><noscript><img decoding=\"async\" class=\"alignnone wp-image-1462\" src=\"https:\/\/www.visitmarjan.com\/wp-content\/uploads\/2021\/12\/bambina-glavica-2-min-300x169.jpg\" alt=\"\" width=\"1196\" height=\"673\" srcset=\"https:\/\/www.visitmarjan.com\/wp-content\/uploads\/2021\/12\/bambina-glavica-2-min-300x169.jpg 300w, https:\/\/www.visitmarjan.com\/wp-content\/uploads\/2021\/12\/bambina-glavica-2-min-1024x576.jpg 1024w, https:\/\/www.visitmarjan.com\/wp-content\/uploads\/2021\/12\/bambina-glavica-2-min-768x432.jpg 768w, https:\/\/www.visitmarjan.com\/wp-content\/uploads\/2021\/12\/bambina-glavica-2-min.jpg 1196w\" sizes=\"(max-width: 1196px) 100vw, 1196px\" \/><\/noscript><\/p>","protected":false},"excerpt":{"rendered":"<p>Pretpostavlja se da je najstarije prapovijesno naselje na Marjanu bilo na podru\u010dju Bambine glavice ili oko nje zbog strate\u0161kog polo\u017eaja i izvora pitke vode u blizini. O tome uglavnom svjedo\u010de manja arheolo\u0161ka istra\u017eivanja prilikom kojih su prona\u0111eni ulomci prapovijesnih posuda. Iz anti\u010dkog doba potje\u010de karta cestovne mre\u017ee od Britanije do Perzije u vrijeme Rimskoga Carstva [&hellip;]<\/p>","protected":false},"author":1,"featured_media":1414,"parent":0,"menu_order":0,"comment_status":"closed","ping_status":"closed","template":"","meta":{"inline_featured_image":false,"footnotes":""},"acf":[],"yoast_head":"<!-- This site is optimized with the Yoast SEO plugin v22.2 - https:\/\/yoast.com\/wordpress\/plugins\/seo\/ -->\n<title>Povijest Marjana - Marjan<\/title>\n<meta name=\"robots\" content=\"index, follow, max-snippet:-1, max-image-preview:large, max-video-preview:-1\" \/>\n<link rel=\"canonical\" href=\"https:\/\/www.visitmarjan.com\/en\/povijest-marjana\/\" \/>\n<meta property=\"og:locale\" content=\"en_GB\" \/>\n<meta property=\"og:type\" content=\"article\" \/>\n<meta property=\"og:title\" content=\"Povijest Marjana - Marjan\" \/>\n<meta property=\"og:description\" content=\"Pretpostavlja se da je najstarije prapovijesno naselje na Marjanu bilo na podru\u010dju Bambine glavice ili oko nje zbog strate\u0161kog polo\u017eaja i izvora pitke vode u blizini. O tome uglavnom svjedo\u010de manja arheolo\u0161ka istra\u017eivanja prilikom kojih su prona\u0111eni ulomci prapovijesnih posuda. Iz anti\u010dkog doba potje\u010de karta cestovne mre\u017ee od Britanije do Perzije u vrijeme Rimskoga Carstva [&hellip;]\" \/>\n<meta property=\"og:url\" content=\"https:\/\/www.visitmarjan.com\/en\/povijest-marjana\/\" \/>\n<meta property=\"og:site_name\" content=\"Marjan\" \/>\n<meta property=\"article:modified_time\" content=\"2023-03-15T09:25:38+00:00\" \/>\n<meta property=\"og:image\" content=\"https:\/\/www.visitmarjan.com\/wp-content\/uploads\/2021\/12\/Nenad-Medak-Marangulicevo-setaliste_2-1-1-min.jpg\" \/>\n\t<meta property=\"og:image:width\" content=\"1920\" \/>\n\t<meta property=\"og:image:height\" content=\"1007\" \/>\n\t<meta property=\"og:image:type\" content=\"image\/jpeg\" \/>\n<meta name=\"twitter:card\" content=\"summary_large_image\" \/>\n<meta name=\"twitter:label1\" content=\"Estimated reading time\" \/>\n\t<meta name=\"twitter:data1\" content=\"1 minute\" \/>\n<script type=\"application\/ld+json\" class=\"yoast-schema-graph\">{\"@context\":\"https:\/\/schema.org\",\"@graph\":[{\"@type\":\"WebPage\",\"@id\":\"https:\/\/www.visitmarjan.com\/povijest-marjana\/\",\"url\":\"https:\/\/www.visitmarjan.com\/povijest-marjana\/\",\"name\":\"Povijest Marjana - Marjan\",\"isPartOf\":{\"@id\":\"https:\/\/www.visitmarjan.com\/#website\"},\"primaryImageOfPage\":{\"@id\":\"https:\/\/www.visitmarjan.com\/povijest-marjana\/#primaryimage\"},\"image\":{\"@id\":\"https:\/\/www.visitmarjan.com\/povijest-marjana\/#primaryimage\"},\"thumbnailUrl\":\"https:\/\/www.visitmarjan.com\/wp-content\/uploads\/2021\/12\/Nenad-Medak-Marangulicevo-setaliste_2-1-1-min.jpg\",\"datePublished\":\"2021-12-06T13:39:40+00:00\",\"dateModified\":\"2023-03-15T09:25:38+00:00\",\"breadcrumb\":{\"@id\":\"https:\/\/www.visitmarjan.com\/povijest-marjana\/#breadcrumb\"},\"inLanguage\":\"en-GB\",\"potentialAction\":[{\"@type\":\"ReadAction\",\"target\":[\"https:\/\/www.visitmarjan.com\/povijest-marjana\/\"]}]},{\"@type\":\"ImageObject\",\"inLanguage\":\"en-GB\",\"@id\":\"https:\/\/www.visitmarjan.com\/povijest-marjana\/#primaryimage\",\"url\":\"https:\/\/www.visitmarjan.com\/wp-content\/uploads\/2021\/12\/Nenad-Medak-Marangulicevo-setaliste_2-1-1-min.jpg\",\"contentUrl\":\"https:\/\/www.visitmarjan.com\/wp-content\/uploads\/2021\/12\/Nenad-Medak-Marangulicevo-setaliste_2-1-1-min.jpg\",\"width\":1920,\"height\":1007,\"caption\":\"benediktinska opatija\"},{\"@type\":\"BreadcrumbList\",\"@id\":\"https:\/\/www.visitmarjan.com\/povijest-marjana\/#breadcrumb\",\"itemListElement\":[{\"@type\":\"ListItem\",\"position\":1,\"name\":\"Home\",\"item\":\"https:\/\/www.visitmarjan.com\/\"},{\"@type\":\"ListItem\",\"position\":2,\"name\":\"Povijest Marjana\"}]},{\"@type\":\"WebSite\",\"@id\":\"https:\/\/www.visitmarjan.com\/#website\",\"url\":\"https:\/\/www.visitmarjan.com\/\",\"name\":\"Marjan\",\"description\":\"\",\"potentialAction\":[{\"@type\":\"SearchAction\",\"target\":{\"@type\":\"EntryPoint\",\"urlTemplate\":\"https:\/\/www.visitmarjan.com\/?s={search_term_string}\"},\"query-input\":\"required name=search_term_string\"}],\"inLanguage\":\"en-GB\"}]}<\/script>\n<!-- \/ Yoast SEO plugin. -->","yoast_head_json":{"title":"Povijest Marjana - Marjan","robots":{"index":"index","follow":"follow","max-snippet":"max-snippet:-1","max-image-preview":"max-image-preview:large","max-video-preview":"max-video-preview:-1"},"canonical":"https:\/\/www.visitmarjan.com\/en\/povijest-marjana\/","og_locale":"en_GB","og_type":"article","og_title":"Povijest Marjana - Marjan","og_description":"Pretpostavlja se da je najstarije prapovijesno naselje na Marjanu bilo na podru\u010dju Bambine glavice ili oko nje zbog strate\u0161kog polo\u017eaja i izvora pitke vode u blizini. O tome uglavnom svjedo\u010de manja arheolo\u0161ka istra\u017eivanja prilikom kojih su prona\u0111eni ulomci prapovijesnih posuda. Iz anti\u010dkog doba potje\u010de karta cestovne mre\u017ee od Britanije do Perzije u vrijeme Rimskoga Carstva [&hellip;]","og_url":"https:\/\/www.visitmarjan.com\/en\/povijest-marjana\/","og_site_name":"Marjan","article_modified_time":"2023-03-15T09:25:38+00:00","og_image":[{"width":1920,"height":1007,"url":"https:\/\/www.visitmarjan.com\/wp-content\/uploads\/2021\/12\/Nenad-Medak-Marangulicevo-setaliste_2-1-1-min.jpg","type":"image\/jpeg"}],"twitter_card":"summary_large_image","twitter_misc":{"Estimated reading time":"1 minute"},"schema":{"@context":"https:\/\/schema.org","@graph":[{"@type":"WebPage","@id":"https:\/\/www.visitmarjan.com\/povijest-marjana\/","url":"https:\/\/www.visitmarjan.com\/povijest-marjana\/","name":"Povijest Marjana - Marjan","isPartOf":{"@id":"https:\/\/www.visitmarjan.com\/#website"},"primaryImageOfPage":{"@id":"https:\/\/www.visitmarjan.com\/povijest-marjana\/#primaryimage"},"image":{"@id":"https:\/\/www.visitmarjan.com\/povijest-marjana\/#primaryimage"},"thumbnailUrl":"https:\/\/www.visitmarjan.com\/wp-content\/uploads\/2021\/12\/Nenad-Medak-Marangulicevo-setaliste_2-1-1-min.jpg","datePublished":"2021-12-06T13:39:40+00:00","dateModified":"2023-03-15T09:25:38+00:00","breadcrumb":{"@id":"https:\/\/www.visitmarjan.com\/povijest-marjana\/#breadcrumb"},"inLanguage":"en-GB","potentialAction":[{"@type":"ReadAction","target":["https:\/\/www.visitmarjan.com\/povijest-marjana\/"]}]},{"@type":"ImageObject","inLanguage":"en-GB","@id":"https:\/\/www.visitmarjan.com\/povijest-marjana\/#primaryimage","url":"https:\/\/www.visitmarjan.com\/wp-content\/uploads\/2021\/12\/Nenad-Medak-Marangulicevo-setaliste_2-1-1-min.jpg","contentUrl":"https:\/\/www.visitmarjan.com\/wp-content\/uploads\/2021\/12\/Nenad-Medak-Marangulicevo-setaliste_2-1-1-min.jpg","width":1920,"height":1007,"caption":"benediktinska opatija"},{"@type":"BreadcrumbList","@id":"https:\/\/www.visitmarjan.com\/povijest-marjana\/#breadcrumb","itemListElement":[{"@type":"ListItem","position":1,"name":"Home","item":"https:\/\/www.visitmarjan.com\/"},{"@type":"ListItem","position":2,"name":"Povijest Marjana"}]},{"@type":"WebSite","@id":"https:\/\/www.visitmarjan.com\/#website","url":"https:\/\/www.visitmarjan.com\/","name":"Marjan","description":"","potentialAction":[{"@type":"SearchAction","target":{"@type":"EntryPoint","urlTemplate":"https:\/\/www.visitmarjan.com\/?s={search_term_string}"},"query-input":"required name=search_term_string"}],"inLanguage":"en-GB"}]}},"_links":{"self":[{"href":"https:\/\/www.visitmarjan.com\/en\/wp-json\/wp\/v2\/pages\/1476"}],"collection":[{"href":"https:\/\/www.visitmarjan.com\/en\/wp-json\/wp\/v2\/pages"}],"about":[{"href":"https:\/\/www.visitmarjan.com\/en\/wp-json\/wp\/v2\/types\/page"}],"author":[{"embeddable":true,"href":"https:\/\/www.visitmarjan.com\/en\/wp-json\/wp\/v2\/users\/1"}],"replies":[{"embeddable":true,"href":"https:\/\/www.visitmarjan.com\/en\/wp-json\/wp\/v2\/comments?post=1476"}],"version-history":[{"count":74,"href":"https:\/\/www.visitmarjan.com\/en\/wp-json\/wp\/v2\/pages\/1476\/revisions"}],"predecessor-version":[{"id":5214,"href":"https:\/\/www.visitmarjan.com\/en\/wp-json\/wp\/v2\/pages\/1476\/revisions\/5214"}],"wp:featuredmedia":[{"embeddable":true,"href":"https:\/\/www.visitmarjan.com\/en\/wp-json\/wp\/v2\/media\/1414"}],"wp:attachment":[{"href":"https:\/\/www.visitmarjan.com\/en\/wp-json\/wp\/v2\/media?parent=1476"}],"curies":[{"name":"wp","href":"https:\/\/api.w.org\/{rel}","templated":true}]}}