{"id":1820,"date":"2021-12-07T11:31:20","date_gmt":"2021-12-07T10:31:20","guid":{"rendered":"https:\/\/www.visitmarjan.com\/?page_id=1820"},"modified":"2024-03-11T22:20:39","modified_gmt":"2024-03-11T21:20:39","slug":"upoznajte-marjan","status":"publish","type":"page","link":"https:\/\/www.visitmarjan.com\/en\/upoznajte-marjan\/","title":{"rendered":"Get to know Marjan"},"content":{"rendered":"<p class=\"odlomak\" style=\"margin-left: 128px; margin-bottom: 80px; margin-right: 335px;\">Marjan is a hill next to<strong> Split with the highest peak Telegrina<\/strong> reaching 178 meters. The protected area of Marjan Forest Park covers 297.11 hectares, according to <a href=\"https:\/\/bioportal.hr\/gis\/\">Bioportal.<\/a>This popular green oasis is often called \u201cthe lungs of Split\u201d. Its unique feature is that it forms an inseparable whole with the city and is very easy to access from the city\u2019s center. <strong><em>\"lungs of the city\"<\/em><\/strong>it is what makes it an inseparable whole with the city, which is extremely easy to access from the very center of the city.<\/p>\n<p>&nbsp;<\/p>\n<p><img fetchpriority=\"high\" decoding=\"async\" class=\"alignnone wp-image-1461\" src=\"https:\/\/www.visitmarjan.com\/wp-content\/uploads\/2021\/12\/ad-diana-1-1-min-300x201.jpg\" alt=\"\" width=\"1199\" height=\"803\" srcset=\"https:\/\/www.visitmarjan.com\/wp-content\/uploads\/2021\/12\/ad-diana-1-1-min-300x201.jpg 300w, https:\/\/www.visitmarjan.com\/wp-content\/uploads\/2021\/12\/ad-diana-1-1-min-1024x685.jpg 1024w, https:\/\/www.visitmarjan.com\/wp-content\/uploads\/2021\/12\/ad-diana-1-1-min-768x514.jpg 768w, https:\/\/www.visitmarjan.com\/wp-content\/uploads\/2021\/12\/ad-diana-1-1-min.jpg 1196w\" sizes=\"(max-width: 1199px) 100vw, 1199px\" \/><\/p>\n<p>&nbsp;<\/p>\n<p class=\"odlomak translation-block\" style=\"margin-left: 128px; margin-bottom: 80px; margin-right: 335px;\">In 1964, under the Nature Protection Act, Marjan was declared a forest park. This specially protected area of nature, valued for its landscape, is intended for rest and recreation. Only interventions aimed at its maintenance or arrangement are permitted.<\/p>\n<p class=\"odlomak translation-block\" style=\"margin-left: 128px; margin-bottom: 80px; margin-right: 335px;\">In 2014, the entire Marjan Peninsula was designated a protected cultural landscape in the category of immovable cultural property. The Cultural and Historical Area of Meje is protected in the same category, together with the Cultural and Historical Area of the Sustjepan Peninsula and the Church of St. Stephen.<\/p>\n<p><img decoding=\"async\" class=\"alignnone wp-image-1463 lazyload\" data-src=\"https:\/\/www.visitmarjan.com\/wp-content\/uploads\/2021\/12\/bambina-glavica-3-min-300x169.jpg\" alt=\"\" width=\"1196\" height=\"673\" data-srcset=\"https:\/\/www.visitmarjan.com\/wp-content\/uploads\/2021\/12\/bambina-glavica-3-min-300x169.jpg 300w, https:\/\/www.visitmarjan.com\/wp-content\/uploads\/2021\/12\/bambina-glavica-3-min-1024x576.jpg 1024w, https:\/\/www.visitmarjan.com\/wp-content\/uploads\/2021\/12\/bambina-glavica-3-min-768x432.jpg 768w, https:\/\/www.visitmarjan.com\/wp-content\/uploads\/2021\/12\/bambina-glavica-3-min.jpg 1196w\" data-sizes=\"(max-width: 1196px) 100vw, 1196px\" src=\"data:image\/gif;base64,R0lGODlhAQABAAAAACH5BAEKAAEALAAAAAABAAEAAAICTAEAOw==\" style=\"--smush-placeholder-width: 1196px; --smush-placeholder-aspect-ratio: 1196\/673;\" \/><noscript><img decoding=\"async\" class=\"alignnone wp-image-1463\" src=\"https:\/\/www.visitmarjan.com\/wp-content\/uploads\/2021\/12\/bambina-glavica-3-min-300x169.jpg\" alt=\"\" width=\"1196\" height=\"673\" srcset=\"https:\/\/www.visitmarjan.com\/wp-content\/uploads\/2021\/12\/bambina-glavica-3-min-300x169.jpg 300w, https:\/\/www.visitmarjan.com\/wp-content\/uploads\/2021\/12\/bambina-glavica-3-min-1024x576.jpg 1024w, https:\/\/www.visitmarjan.com\/wp-content\/uploads\/2021\/12\/bambina-glavica-3-min-768x432.jpg 768w, https:\/\/www.visitmarjan.com\/wp-content\/uploads\/2021\/12\/bambina-glavica-3-min.jpg 1196w\" sizes=\"(max-width: 1196px) 100vw, 1196px\" \/><\/noscript><\/p>\n<p class=\"odlomak\" style=\"margin: 70px 335px 70px 128px;\">The Marjan Forest Park also includes the \u0160pinut Port, Jadran Swimming Pool and Jadran Port, Zvon\u010dac Park and Sustipan Park.<\/p>\n<p>&nbsp;<\/p>\n<p><img decoding=\"async\" class=\"green-mask2 alignnone lazyload\" data-src=\"https:\/\/www.visitmarjan.com\/wp-content\/uploads\/2021\/12\/Vector-4.svg\" alt=\"\" width=\"925\" height=\"635\" src=\"data:image\/gif;base64,R0lGODlhAQABAAAAACH5BAEKAAEALAAAAAABAAEAAAICTAEAOw==\" style=\"--smush-placeholder-width: 925px; --smush-placeholder-aspect-ratio: 925\/635;\" \/><noscript><img decoding=\"async\" class=\"green-mask2 alignnone\" src=\"https:\/\/www.visitmarjan.com\/wp-content\/uploads\/2021\/12\/Vector-4.svg\" alt=\"\" width=\"925\" height=\"635\" \/><\/noscript><\/p>\n<p><img loading=\"lazy\" decoding=\"async\" class=\"alignnone wp-image-3860 lazyload\" data-src=\"https:\/\/www.visitmarjan.com\/wp-content\/uploads\/2021\/12\/bambina-glavica-4-1-300x169.jpg\" alt=\"bazen Jadran\" width=\"1189\" height=\"670\" data-srcset=\"https:\/\/www.visitmarjan.com\/wp-content\/uploads\/2021\/12\/bambina-glavica-4-1-300x169.jpg 300w, https:\/\/www.visitmarjan.com\/wp-content\/uploads\/2021\/12\/bambina-glavica-4-1-1024x576.jpg 1024w, https:\/\/www.visitmarjan.com\/wp-content\/uploads\/2021\/12\/bambina-glavica-4-1-768x432.jpg 768w, https:\/\/www.visitmarjan.com\/wp-content\/uploads\/2021\/12\/bambina-glavica-4-1.jpg 1196w\" data-sizes=\"(max-width: 1189px) 100vw, 1189px\" src=\"data:image\/gif;base64,R0lGODlhAQABAAAAACH5BAEKAAEALAAAAAABAAEAAAICTAEAOw==\" style=\"--smush-placeholder-width: 1189px; --smush-placeholder-aspect-ratio: 1189\/670;\" \/><noscript><img loading=\"lazy\" decoding=\"async\" class=\"alignnone wp-image-3860\" src=\"https:\/\/www.visitmarjan.com\/wp-content\/uploads\/2021\/12\/bambina-glavica-4-1-300x169.jpg\" alt=\"bazen Jadran\" width=\"1189\" height=\"670\" srcset=\"https:\/\/www.visitmarjan.com\/wp-content\/uploads\/2021\/12\/bambina-glavica-4-1-300x169.jpg 300w, https:\/\/www.visitmarjan.com\/wp-content\/uploads\/2021\/12\/bambina-glavica-4-1-1024x576.jpg 1024w, https:\/\/www.visitmarjan.com\/wp-content\/uploads\/2021\/12\/bambina-glavica-4-1-768x432.jpg 768w, https:\/\/www.visitmarjan.com\/wp-content\/uploads\/2021\/12\/bambina-glavica-4-1.jpg 1196w\" sizes=\"(max-width: 1189px) 100vw, 1189px\" \/><\/noscript><\/p>\n<p class=\"odlomak2\" style=\"margin: 70px 335px 70px 128px; font-size: 25px;\">Marjan is known for its <strong>two historical cemeteries<\/strong> \u2013 the city cemetery Sustipan, which was demolished and relocated, and the Jewish cemetery, which is still there today, and is protected as a cultural monument.<\/p>\n<p class=\"odlomak\" style=\"margin: 70px 335px 70px 128px;\">Marjan has several beaches, which are very popular, and numerous recreational and sports facilities. <strong>\u201c\u0160antine stine\u201d are widely known among climbers<\/strong>. <strong>Many important cultural institutions<\/strong> have also found home on the Marjan peninsula: Museum of Croatian Archaeological Monuments, Me\u0161trovi\u0107 Gallery, Me\u0161trovi\u0107eve Crikvine-Ka\u0161tilac, MedILS, Institute of Oceanography and Fisheries, Botanical Garden, Zoo.<\/p>\n<p><img loading=\"lazy\" decoding=\"async\" class=\"brdo lazyload\" data-src=\"https:\/\/www.visitmarjan.com\/wp-content\/uploads\/2021\/12\/Vector-2.svg\" alt=\"ilustracija planine i zastave\" width=\"596\" height=\"383\" src=\"data:image\/gif;base64,R0lGODlhAQABAAAAACH5BAEKAAEALAAAAAABAAEAAAICTAEAOw==\" style=\"--smush-placeholder-width: 596px; --smush-placeholder-aspect-ratio: 596\/383;\" \/><noscript><img loading=\"lazy\" decoding=\"async\" class=\"brdo\" src=\"https:\/\/www.visitmarjan.com\/wp-content\/uploads\/2021\/12\/Vector-2.svg\" alt=\"ilustracija planine i zastave\" width=\"596\" height=\"383\" \/><\/noscript><img loading=\"lazy\" decoding=\"async\" class=\"alignnone wp-image-1465 lazyload\" data-src=\"https:\/\/www.visitmarjan.com\/wp-content\/uploads\/2021\/12\/bambina-glavica-5-min-300x169.jpg\" alt=\"\" width=\"1196\" height=\"673\" data-srcset=\"https:\/\/www.visitmarjan.com\/wp-content\/uploads\/2021\/12\/bambina-glavica-5-min-300x169.jpg 300w, https:\/\/www.visitmarjan.com\/wp-content\/uploads\/2021\/12\/bambina-glavica-5-min-1024x576.jpg 1024w, https:\/\/www.visitmarjan.com\/wp-content\/uploads\/2021\/12\/bambina-glavica-5-min-768x432.jpg 768w, https:\/\/www.visitmarjan.com\/wp-content\/uploads\/2021\/12\/bambina-glavica-5-min.jpg 1196w\" data-sizes=\"(max-width: 1196px) 100vw, 1196px\" src=\"data:image\/gif;base64,R0lGODlhAQABAAAAACH5BAEKAAEALAAAAAABAAEAAAICTAEAOw==\" style=\"--smush-placeholder-width: 1196px; --smush-placeholder-aspect-ratio: 1196\/673;\" \/><noscript><img loading=\"lazy\" decoding=\"async\" class=\"alignnone wp-image-1465\" src=\"https:\/\/www.visitmarjan.com\/wp-content\/uploads\/2021\/12\/bambina-glavica-5-min-300x169.jpg\" alt=\"\" width=\"1196\" height=\"673\" srcset=\"https:\/\/www.visitmarjan.com\/wp-content\/uploads\/2021\/12\/bambina-glavica-5-min-300x169.jpg 300w, https:\/\/www.visitmarjan.com\/wp-content\/uploads\/2021\/12\/bambina-glavica-5-min-1024x576.jpg 1024w, https:\/\/www.visitmarjan.com\/wp-content\/uploads\/2021\/12\/bambina-glavica-5-min-768x432.jpg 768w, https:\/\/www.visitmarjan.com\/wp-content\/uploads\/2021\/12\/bambina-glavica-5-min.jpg 1196w\" sizes=\"(max-width: 1196px) 100vw, 1196px\" \/><\/noscript><\/p>\n<p class=\"odlomak\" style=\"margin: 70px 335px 70px 128px;\">Marjan Forest Park is managed by the Public Institution for Marjan Forest Park Management. Contact information, as well as many interesting facts, can be found on the rest of our website.<\/p>\n<h1 class=\"bitan-txt\" style=\"text-align: left;\">Enjoy your visit to Marjan!<\/h1>","protected":false},"excerpt":{"rendered":"<p>Marjan je brdo pored Splita s najvi\u0161im vrhom Telegrinom od 178 metara. Povr\u0161ina za\u0161ti\u0107enog podru\u010dja Park-\u0161ume Marjan je 297,11 ha prema Bioportalu. Ova omiljena zelena oaza \u010desto se naziva \u201eplu\u0107a grada\u201c, a posebnost mu je \u0161to sa gradom \u010dini nerazdvojnu cjelinu kojoj je iznimno lako pristupiti ve\u0107 iz samog centra grada. &nbsp; &nbsp; 1964. godine [&hellip;]<\/p>","protected":false},"author":1,"featured_media":1423,"parent":0,"menu_order":0,"comment_status":"closed","ping_status":"closed","template":"","meta":{"inline_featured_image":false,"footnotes":""},"acf":[],"yoast_head":"<!-- This site is optimized with the Yoast SEO plugin v22.2 - https:\/\/yoast.com\/wordpress\/plugins\/seo\/ -->\n<title>Upoznajte Marjan - Marjan<\/title>\n<meta name=\"robots\" content=\"index, follow, max-snippet:-1, max-image-preview:large, max-video-preview:-1\" \/>\n<link rel=\"canonical\" href=\"https:\/\/www.visitmarjan.com\/en\/upoznajte-marjan\/\" \/>\n<meta property=\"og:locale\" content=\"en_GB\" \/>\n<meta property=\"og:type\" content=\"article\" \/>\n<meta property=\"og:title\" content=\"Upoznajte Marjan - Marjan\" \/>\n<meta property=\"og:description\" content=\"Marjan je brdo pored Splita s najvi\u0161im vrhom Telegrinom od 178 metara. Povr\u0161ina za\u0161ti\u0107enog podru\u010dja Park-\u0161ume Marjan je 297,11 ha prema Bioportalu. Ova omiljena zelena oaza \u010desto se naziva \u201eplu\u0107a grada\u201c, a posebnost mu je \u0161to sa gradom \u010dini nerazdvojnu cjelinu kojoj je iznimno lako pristupiti ve\u0107 iz samog centra grada. &nbsp; &nbsp; 1964. godine [&hellip;]\" \/>\n<meta property=\"og:url\" content=\"https:\/\/www.visitmarjan.com\/en\/upoznajte-marjan\/\" \/>\n<meta property=\"og:site_name\" content=\"Marjan\" \/>\n<meta property=\"article:modified_time\" content=\"2024-03-11T21:20:39+00:00\" \/>\n<meta property=\"og:image\" content=\"https:\/\/www.visitmarjan.com\/wp-content\/uploads\/2021\/12\/Nenad-Medak-Marangulicevo-setaliste_2-1-2-min.jpg\" \/>\n\t<meta property=\"og:image:width\" content=\"1920\" \/>\n\t<meta property=\"og:image:height\" content=\"1007\" \/>\n\t<meta property=\"og:image:type\" content=\"image\/jpeg\" \/>\n<meta name=\"twitter:card\" content=\"summary_large_image\" \/>\n<meta name=\"twitter:label1\" content=\"Estimated reading time\" \/>\n\t<meta name=\"twitter:data1\" content=\"2 minutes\" \/>\n<script type=\"application\/ld+json\" class=\"yoast-schema-graph\">{\"@context\":\"https:\/\/schema.org\",\"@graph\":[{\"@type\":\"WebPage\",\"@id\":\"https:\/\/www.visitmarjan.com\/upoznajte-marjan\/\",\"url\":\"https:\/\/www.visitmarjan.com\/upoznajte-marjan\/\",\"name\":\"Upoznajte Marjan - Marjan\",\"isPartOf\":{\"@id\":\"https:\/\/www.visitmarjan.com\/#website\"},\"primaryImageOfPage\":{\"@id\":\"https:\/\/www.visitmarjan.com\/upoznajte-marjan\/#primaryimage\"},\"image\":{\"@id\":\"https:\/\/www.visitmarjan.com\/upoznajte-marjan\/#primaryimage\"},\"thumbnailUrl\":\"https:\/\/www.visitmarjan.com\/wp-content\/uploads\/2021\/12\/Nenad-Medak-Marangulicevo-setaliste_2-1-2-min.jpg\",\"datePublished\":\"2021-12-07T10:31:20+00:00\",\"dateModified\":\"2024-03-11T21:20:39+00:00\",\"breadcrumb\":{\"@id\":\"https:\/\/www.visitmarjan.com\/upoznajte-marjan\/#breadcrumb\"},\"inLanguage\":\"en-GB\",\"potentialAction\":[{\"@type\":\"ReadAction\",\"target\":[\"https:\/\/www.visitmarjan.com\/upoznajte-marjan\/\"]}]},{\"@type\":\"ImageObject\",\"inLanguage\":\"en-GB\",\"@id\":\"https:\/\/www.visitmarjan.com\/upoznajte-marjan\/#primaryimage\",\"url\":\"https:\/\/www.visitmarjan.com\/wp-content\/uploads\/2021\/12\/Nenad-Medak-Marangulicevo-setaliste_2-1-2-min.jpg\",\"contentUrl\":\"https:\/\/www.visitmarjan.com\/wp-content\/uploads\/2021\/12\/Nenad-Medak-Marangulicevo-setaliste_2-1-2-min.jpg\",\"width\":1920,\"height\":1007,\"caption\":\"Marjan iz zraka\"},{\"@type\":\"BreadcrumbList\",\"@id\":\"https:\/\/www.visitmarjan.com\/upoznajte-marjan\/#breadcrumb\",\"itemListElement\":[{\"@type\":\"ListItem\",\"position\":1,\"name\":\"Home\",\"item\":\"https:\/\/www.visitmarjan.com\/\"},{\"@type\":\"ListItem\",\"position\":2,\"name\":\"Upoznajte Marjan\"}]},{\"@type\":\"WebSite\",\"@id\":\"https:\/\/www.visitmarjan.com\/#website\",\"url\":\"https:\/\/www.visitmarjan.com\/\",\"name\":\"Marjan\",\"description\":\"\",\"potentialAction\":[{\"@type\":\"SearchAction\",\"target\":{\"@type\":\"EntryPoint\",\"urlTemplate\":\"https:\/\/www.visitmarjan.com\/?s={search_term_string}\"},\"query-input\":\"required name=search_term_string\"}],\"inLanguage\":\"en-GB\"}]}<\/script>\n<!-- \/ Yoast SEO plugin. -->","yoast_head_json":{"title":"Upoznajte Marjan - Marjan","robots":{"index":"index","follow":"follow","max-snippet":"max-snippet:-1","max-image-preview":"max-image-preview:large","max-video-preview":"max-video-preview:-1"},"canonical":"https:\/\/www.visitmarjan.com\/en\/upoznajte-marjan\/","og_locale":"en_GB","og_type":"article","og_title":"Upoznajte Marjan - Marjan","og_description":"Marjan je brdo pored Splita s najvi\u0161im vrhom Telegrinom od 178 metara. Povr\u0161ina za\u0161ti\u0107enog podru\u010dja Park-\u0161ume Marjan je 297,11 ha prema Bioportalu. Ova omiljena zelena oaza \u010desto se naziva \u201eplu\u0107a grada\u201c, a posebnost mu je \u0161to sa gradom \u010dini nerazdvojnu cjelinu kojoj je iznimno lako pristupiti ve\u0107 iz samog centra grada. &nbsp; &nbsp; 1964. godine [&hellip;]","og_url":"https:\/\/www.visitmarjan.com\/en\/upoznajte-marjan\/","og_site_name":"Marjan","article_modified_time":"2024-03-11T21:20:39+00:00","og_image":[{"width":1920,"height":1007,"url":"https:\/\/www.visitmarjan.com\/wp-content\/uploads\/2021\/12\/Nenad-Medak-Marangulicevo-setaliste_2-1-2-min.jpg","type":"image\/jpeg"}],"twitter_card":"summary_large_image","twitter_misc":{"Estimated reading time":"2 minutes"},"schema":{"@context":"https:\/\/schema.org","@graph":[{"@type":"WebPage","@id":"https:\/\/www.visitmarjan.com\/upoznajte-marjan\/","url":"https:\/\/www.visitmarjan.com\/upoznajte-marjan\/","name":"Upoznajte Marjan - Marjan","isPartOf":{"@id":"https:\/\/www.visitmarjan.com\/#website"},"primaryImageOfPage":{"@id":"https:\/\/www.visitmarjan.com\/upoznajte-marjan\/#primaryimage"},"image":{"@id":"https:\/\/www.visitmarjan.com\/upoznajte-marjan\/#primaryimage"},"thumbnailUrl":"https:\/\/www.visitmarjan.com\/wp-content\/uploads\/2021\/12\/Nenad-Medak-Marangulicevo-setaliste_2-1-2-min.jpg","datePublished":"2021-12-07T10:31:20+00:00","dateModified":"2024-03-11T21:20:39+00:00","breadcrumb":{"@id":"https:\/\/www.visitmarjan.com\/upoznajte-marjan\/#breadcrumb"},"inLanguage":"en-GB","potentialAction":[{"@type":"ReadAction","target":["https:\/\/www.visitmarjan.com\/upoznajte-marjan\/"]}]},{"@type":"ImageObject","inLanguage":"en-GB","@id":"https:\/\/www.visitmarjan.com\/upoznajte-marjan\/#primaryimage","url":"https:\/\/www.visitmarjan.com\/wp-content\/uploads\/2021\/12\/Nenad-Medak-Marangulicevo-setaliste_2-1-2-min.jpg","contentUrl":"https:\/\/www.visitmarjan.com\/wp-content\/uploads\/2021\/12\/Nenad-Medak-Marangulicevo-setaliste_2-1-2-min.jpg","width":1920,"height":1007,"caption":"Marjan iz zraka"},{"@type":"BreadcrumbList","@id":"https:\/\/www.visitmarjan.com\/upoznajte-marjan\/#breadcrumb","itemListElement":[{"@type":"ListItem","position":1,"name":"Home","item":"https:\/\/www.visitmarjan.com\/"},{"@type":"ListItem","position":2,"name":"Upoznajte Marjan"}]},{"@type":"WebSite","@id":"https:\/\/www.visitmarjan.com\/#website","url":"https:\/\/www.visitmarjan.com\/","name":"Marjan","description":"","potentialAction":[{"@type":"SearchAction","target":{"@type":"EntryPoint","urlTemplate":"https:\/\/www.visitmarjan.com\/?s={search_term_string}"},"query-input":"required name=search_term_string"}],"inLanguage":"en-GB"}]}},"_links":{"self":[{"href":"https:\/\/www.visitmarjan.com\/en\/wp-json\/wp\/v2\/pages\/1820"}],"collection":[{"href":"https:\/\/www.visitmarjan.com\/en\/wp-json\/wp\/v2\/pages"}],"about":[{"href":"https:\/\/www.visitmarjan.com\/en\/wp-json\/wp\/v2\/types\/page"}],"author":[{"embeddable":true,"href":"https:\/\/www.visitmarjan.com\/en\/wp-json\/wp\/v2\/users\/1"}],"replies":[{"embeddable":true,"href":"https:\/\/www.visitmarjan.com\/en\/wp-json\/wp\/v2\/comments?post=1820"}],"version-history":[{"count":43,"href":"https:\/\/www.visitmarjan.com\/en\/wp-json\/wp\/v2\/pages\/1820\/revisions"}],"predecessor-version":[{"id":5287,"href":"https:\/\/www.visitmarjan.com\/en\/wp-json\/wp\/v2\/pages\/1820\/revisions\/5287"}],"wp:featuredmedia":[{"embeddable":true,"href":"https:\/\/www.visitmarjan.com\/en\/wp-json\/wp\/v2\/media\/1423"}],"wp:attachment":[{"href":"https:\/\/www.visitmarjan.com\/en\/wp-json\/wp\/v2\/media?parent=1820"}],"curies":[{"name":"wp","href":"https:\/\/api.w.org\/{rel}","templated":true}]}}