{"id":1976,"date":"2021-12-07T13:26:28","date_gmt":"2021-12-07T12:26:28","guid":{"rendered":"https:\/\/www.visitmarjan.com\/?page_id=1976"},"modified":"2021-12-08T13:01:26","modified_gmt":"2021-12-08T12:01:26","slug":"fun-facts","status":"publish","type":"page","link":"https:\/\/www.visitmarjan.com\/en\/fun-facts\/","title":{"rendered":"Fun facts"},"content":{"rendered":"<p class=\"odlomak\" style=\"margin-left: 128px; margin-bottom: 80px; margin-right: 335px;\"><strong>Agave<\/strong> is a plant native to Mexico that has become well established and spread throughout Marjan. It was initially planted as an ornamental plant, starting at the First Viewpoint. It is a common myth that agave blooms every hundred years, possibly due to its nickname <em>\u201cthe century plant\u201d in English.<\/em>Nevertheless, agave blooms approximately every 10 to 15 years, and after the flowering, the plant dies. <strong><b>Agave<\/b> is a plant native to Mexico that has become well established and spread throughout Marjan. It was initially planted as an ornamental plant, starting at the First Viewpoint. It is a common myth that agave blooms every hundred years, possibly due to its nickname \u201cthe century plant\u201d in English. Nevertheless, agave blooms approximately every 10 to 15 years, and after the flowering, the plant dies. In the Benedictine monastery on the island of Hvar, they make lace from the fibers of agave leaves.<\/strong>, kod nas u samostanu benediktinki na otoku Hvaru.<\/p>\n<p>&nbsp;<\/p>\n<p><img fetchpriority=\"high\" decoding=\"async\" class=\"alignnone wp-image-1978\" src=\"https:\/\/www.visitmarjan.com\/wp-content\/uploads\/2021\/12\/agava-3-300x200.jpg\" alt=\"\" width=\"1200\" height=\"800\" srcset=\"https:\/\/www.visitmarjan.com\/wp-content\/uploads\/2021\/12\/agava-3-300x200.jpg 300w, https:\/\/www.visitmarjan.com\/wp-content\/uploads\/2021\/12\/agava-3-1024x683.jpg 1024w, https:\/\/www.visitmarjan.com\/wp-content\/uploads\/2021\/12\/agava-3-768x512.jpg 768w, https:\/\/www.visitmarjan.com\/wp-content\/uploads\/2021\/12\/agava-3-391x260.jpg 391w, https:\/\/www.visitmarjan.com\/wp-content\/uploads\/2021\/12\/agava-3-1536x1024.jpg 1536w, https:\/\/www.visitmarjan.com\/wp-content\/uploads\/2021\/12\/agava-3-2048x1365.jpg 2048w\" sizes=\"(max-width: 1200px) 100vw, 1200px\" \/><\/p>\n<p class=\"odlomak\" style=\"margin: 70px 335px 70px 128px;\"><strong>The FIRST MARINE AQUARIUM<\/strong> with glass tanks was built in 1928 on Marjan, located on the east side of the Natural History Museum building. It was unique in the world because it did not have a constant supply of seawater or filtration. The dedicated staff maintained the water with fans and electric heating, delivering it in bags carried by mules to the first peak of Marjan. In 1935, the aquarium was refurbished, and terrariums were later added. Due to its dilapidated condition, the building was later demolished.<\/p>\n<p class=\"odlomak\" style=\"margin: 70px 335px 70px 128px;\"><strong>JADRAN SWIMMING POOL<\/strong> at Zvon\u010dac is an Olympic swimming pool fifty-meter log, built in 1936. In 1940, concrete stands were erected next to it for the audience.<\/p>\n<p class=\"odlomak\" style=\"margin: 70px 335px 70px 128px;\"><strong>VELI POTOK<\/strong> is the only flowing water on Marjan, also known as the water of St. Domnius because it was located in an area called Dujmovica, behind the Castle. The name Dujmovica derives from the church of St. Domnius, which stood there before 1119. Villa Dalmacija is situated on this site today.<\/p>\n<p class=\"odlomak\" style=\"margin: 70px 335px 70px 128px;\"><strong>MORTUARY OF THE JEWISH CEMETERY<\/strong> is today a restaurant, located on Marjan\u2019s First Viewpoint. The building was constructed in 1892 and it is the first example of a building in Split that was made with a new material \u2013 cement, facilitated by the proximity of the Gilardi-Bettizza Factory, located on what is now the West Bank. The wall around the Jewish cemetery, built in 1826, was a key factor in the afforestation of Marjan, as it prevented the destruction of the plants that were growing behind it.<\/p>\n<p class=\"odlomak translation-block\" style=\"margin: 70px 335px 70px 128px;\"><b>TABULA PEUTINGERIANA  <\/b> is a map of the road network from Britain to Persia during the rule of the Roman Empire from the 4th century, which was copied in the 13th century. The road to Marjan, running through the village of Spalato towards Epetium and Salona, is also marked on it. The road begins at a temple with an inscription \u2018ad Diana\u2019. Being drawn on the so-called world map, this station likely held more than just local significance, possibly serving as a larger station or there was a settlement nearby.<\/p>","protected":false},"excerpt":{"rendered":"<p>AGAVA je biljka koja potje\u010de iz Meksika ali se dobro udoma\u0107ila i pro\u0161irila po cijelom Marjanu, gdje je posa\u0111ena kao ukrasna biljka, i to najprije kod Prve vidilice. Uvrije\u017een je mit da agava cvate svakih sto godina, mo\u017eda stoga \u0161to se na egleskom naziva century plant. Ipak, one cvjetaju otprilike svakih 10 do 15 godina [&hellip;]<\/p>","protected":false},"author":1,"featured_media":2234,"parent":0,"menu_order":0,"comment_status":"closed","ping_status":"closed","template":"","meta":{"inline_featured_image":false,"footnotes":""},"acf":[],"yoast_head":"<!-- This site is optimized with the Yoast SEO plugin v22.2 - https:\/\/yoast.com\/wordpress\/plugins\/seo\/ -->\n<title>Fun facts - Marjan<\/title>\n<meta name=\"robots\" content=\"index, follow, max-snippet:-1, max-image-preview:large, max-video-preview:-1\" \/>\n<link rel=\"canonical\" href=\"https:\/\/www.visitmarjan.com\/en\/fun-facts\/\" \/>\n<meta property=\"og:locale\" content=\"en_GB\" \/>\n<meta property=\"og:type\" content=\"article\" \/>\n<meta property=\"og:title\" content=\"Fun facts - Marjan\" \/>\n<meta property=\"og:description\" content=\"AGAVA je biljka koja potje\u010de iz Meksika ali se dobro udoma\u0107ila i pro\u0161irila po cijelom Marjanu, gdje je posa\u0111ena kao ukrasna biljka, i to najprije kod Prve vidilice. Uvrije\u017een je mit da agava cvate svakih sto godina, mo\u017eda stoga \u0161to se na egleskom naziva century plant. Ipak, one cvjetaju otprilike svakih 10 do 15 godina [&hellip;]\" \/>\n<meta property=\"og:url\" content=\"https:\/\/www.visitmarjan.com\/en\/fun-facts\/\" \/>\n<meta property=\"og:site_name\" content=\"Marjan\" \/>\n<meta property=\"article:modified_time\" content=\"2021-12-08T12:01:26+00:00\" \/>\n<meta property=\"og:image\" content=\"https:\/\/www.visitmarjan.com\/wp-content\/uploads\/2021\/12\/vbas4324-scaled-e1638953099886.jpg\" \/>\n\t<meta property=\"og:image:width\" content=\"2560\" \/>\n\t<meta property=\"og:image:height\" content=\"1177\" \/>\n\t<meta property=\"og:image:type\" content=\"image\/jpeg\" \/>\n<meta name=\"twitter:card\" content=\"summary_large_image\" \/>\n<meta name=\"twitter:label1\" content=\"Estimated reading time\" \/>\n\t<meta name=\"twitter:data1\" content=\"2 minutes\" \/>\n<script type=\"application\/ld+json\" class=\"yoast-schema-graph\">{\"@context\":\"https:\/\/schema.org\",\"@graph\":[{\"@type\":\"WebPage\",\"@id\":\"https:\/\/www.visitmarjan.com\/fun-facts\/\",\"url\":\"https:\/\/www.visitmarjan.com\/fun-facts\/\",\"name\":\"Fun facts - Marjan\",\"isPartOf\":{\"@id\":\"https:\/\/www.visitmarjan.com\/#website\"},\"primaryImageOfPage\":{\"@id\":\"https:\/\/www.visitmarjan.com\/fun-facts\/#primaryimage\"},\"image\":{\"@id\":\"https:\/\/www.visitmarjan.com\/fun-facts\/#primaryimage\"},\"thumbnailUrl\":\"https:\/\/www.visitmarjan.com\/wp-content\/uploads\/2021\/12\/vbas4324-scaled-e1638953099886.jpg\",\"datePublished\":\"2021-12-07T12:26:28+00:00\",\"dateModified\":\"2021-12-08T12:01:26+00:00\",\"breadcrumb\":{\"@id\":\"https:\/\/www.visitmarjan.com\/fun-facts\/#breadcrumb\"},\"inLanguage\":\"en-GB\",\"potentialAction\":[{\"@type\":\"ReadAction\",\"target\":[\"https:\/\/www.visitmarjan.com\/fun-facts\/\"]}]},{\"@type\":\"ImageObject\",\"inLanguage\":\"en-GB\",\"@id\":\"https:\/\/www.visitmarjan.com\/fun-facts\/#primaryimage\",\"url\":\"https:\/\/www.visitmarjan.com\/wp-content\/uploads\/2021\/12\/vbas4324-scaled-e1638953099886.jpg\",\"contentUrl\":\"https:\/\/www.visitmarjan.com\/wp-content\/uploads\/2021\/12\/vbas4324-scaled-e1638953099886.jpg\",\"width\":2560,\"height\":1177,\"caption\":\"list agave\"},{\"@type\":\"BreadcrumbList\",\"@id\":\"https:\/\/www.visitmarjan.com\/fun-facts\/#breadcrumb\",\"itemListElement\":[{\"@type\":\"ListItem\",\"position\":1,\"name\":\"Home\",\"item\":\"https:\/\/www.visitmarjan.com\/\"},{\"@type\":\"ListItem\",\"position\":2,\"name\":\"Fun facts\"}]},{\"@type\":\"WebSite\",\"@id\":\"https:\/\/www.visitmarjan.com\/#website\",\"url\":\"https:\/\/www.visitmarjan.com\/\",\"name\":\"Marjan\",\"description\":\"\",\"potentialAction\":[{\"@type\":\"SearchAction\",\"target\":{\"@type\":\"EntryPoint\",\"urlTemplate\":\"https:\/\/www.visitmarjan.com\/?s={search_term_string}\"},\"query-input\":\"required name=search_term_string\"}],\"inLanguage\":\"en-GB\"}]}<\/script>\n<!-- \/ Yoast SEO plugin. -->","yoast_head_json":{"title":"Fun facts - Marjan","robots":{"index":"index","follow":"follow","max-snippet":"max-snippet:-1","max-image-preview":"max-image-preview:large","max-video-preview":"max-video-preview:-1"},"canonical":"https:\/\/www.visitmarjan.com\/en\/fun-facts\/","og_locale":"en_GB","og_type":"article","og_title":"Fun facts - Marjan","og_description":"AGAVA je biljka koja potje\u010de iz Meksika ali se dobro udoma\u0107ila i pro\u0161irila po cijelom Marjanu, gdje je posa\u0111ena kao ukrasna biljka, i to najprije kod Prve vidilice. Uvrije\u017een je mit da agava cvate svakih sto godina, mo\u017eda stoga \u0161to se na egleskom naziva century plant. Ipak, one cvjetaju otprilike svakih 10 do 15 godina [&hellip;]","og_url":"https:\/\/www.visitmarjan.com\/en\/fun-facts\/","og_site_name":"Marjan","article_modified_time":"2021-12-08T12:01:26+00:00","og_image":[{"width":2560,"height":1177,"url":"https:\/\/www.visitmarjan.com\/wp-content\/uploads\/2021\/12\/vbas4324-scaled-e1638953099886.jpg","type":"image\/jpeg"}],"twitter_card":"summary_large_image","twitter_misc":{"Estimated reading time":"2 minutes"},"schema":{"@context":"https:\/\/schema.org","@graph":[{"@type":"WebPage","@id":"https:\/\/www.visitmarjan.com\/fun-facts\/","url":"https:\/\/www.visitmarjan.com\/fun-facts\/","name":"Fun facts - Marjan","isPartOf":{"@id":"https:\/\/www.visitmarjan.com\/#website"},"primaryImageOfPage":{"@id":"https:\/\/www.visitmarjan.com\/fun-facts\/#primaryimage"},"image":{"@id":"https:\/\/www.visitmarjan.com\/fun-facts\/#primaryimage"},"thumbnailUrl":"https:\/\/www.visitmarjan.com\/wp-content\/uploads\/2021\/12\/vbas4324-scaled-e1638953099886.jpg","datePublished":"2021-12-07T12:26:28+00:00","dateModified":"2021-12-08T12:01:26+00:00","breadcrumb":{"@id":"https:\/\/www.visitmarjan.com\/fun-facts\/#breadcrumb"},"inLanguage":"en-GB","potentialAction":[{"@type":"ReadAction","target":["https:\/\/www.visitmarjan.com\/fun-facts\/"]}]},{"@type":"ImageObject","inLanguage":"en-GB","@id":"https:\/\/www.visitmarjan.com\/fun-facts\/#primaryimage","url":"https:\/\/www.visitmarjan.com\/wp-content\/uploads\/2021\/12\/vbas4324-scaled-e1638953099886.jpg","contentUrl":"https:\/\/www.visitmarjan.com\/wp-content\/uploads\/2021\/12\/vbas4324-scaled-e1638953099886.jpg","width":2560,"height":1177,"caption":"list agave"},{"@type":"BreadcrumbList","@id":"https:\/\/www.visitmarjan.com\/fun-facts\/#breadcrumb","itemListElement":[{"@type":"ListItem","position":1,"name":"Home","item":"https:\/\/www.visitmarjan.com\/"},{"@type":"ListItem","position":2,"name":"Fun facts"}]},{"@type":"WebSite","@id":"https:\/\/www.visitmarjan.com\/#website","url":"https:\/\/www.visitmarjan.com\/","name":"Marjan","description":"","potentialAction":[{"@type":"SearchAction","target":{"@type":"EntryPoint","urlTemplate":"https:\/\/www.visitmarjan.com\/?s={search_term_string}"},"query-input":"required name=search_term_string"}],"inLanguage":"en-GB"}]}},"_links":{"self":[{"href":"https:\/\/www.visitmarjan.com\/en\/wp-json\/wp\/v2\/pages\/1976"}],"collection":[{"href":"https:\/\/www.visitmarjan.com\/en\/wp-json\/wp\/v2\/pages"}],"about":[{"href":"https:\/\/www.visitmarjan.com\/en\/wp-json\/wp\/v2\/types\/page"}],"author":[{"embeddable":true,"href":"https:\/\/www.visitmarjan.com\/en\/wp-json\/wp\/v2\/users\/1"}],"replies":[{"embeddable":true,"href":"https:\/\/www.visitmarjan.com\/en\/wp-json\/wp\/v2\/comments?post=1976"}],"version-history":[{"count":12,"href":"https:\/\/www.visitmarjan.com\/en\/wp-json\/wp\/v2\/pages\/1976\/revisions"}],"predecessor-version":[{"id":2293,"href":"https:\/\/www.visitmarjan.com\/en\/wp-json\/wp\/v2\/pages\/1976\/revisions\/2293"}],"wp:featuredmedia":[{"embeddable":true,"href":"https:\/\/www.visitmarjan.com\/en\/wp-json\/wp\/v2\/media\/2234"}],"wp:attachment":[{"href":"https:\/\/www.visitmarjan.com\/en\/wp-json\/wp\/v2\/media?parent=1976"}],"curies":[{"name":"wp","href":"https:\/\/api.w.org\/{rel}","templated":true}]}}