{"id":2003,"date":"2021-12-07T13:56:38","date_gmt":"2021-12-07T12:56:38","guid":{"rendered":"https:\/\/www.visitmarjan.com\/?page_id=2003"},"modified":"2023-03-15T09:15:16","modified_gmt":"2023-03-15T08:15:16","slug":"o-projektu-marjan-2020","status":"publish","type":"page","link":"https:\/\/www.visitmarjan.com\/en\/o-projektu-marjan-2020\/","title":{"rendered":"About the Marjan 2020 project"},"content":{"rendered":"<p class=\"odlomak\" style=\"margin-left: 128px; margin-bottom: 20px; margin-right: 200px;\">Project \"<strong>Marjan 2020 \u2013 A Hill of the Past, an Oasis of the Future<\/strong>\u201d project is a unique example of achieving significant progress with minimal interventions in natural heritage. It puts the entire previously devastated infrastructure in the function of new growth, development, employment, but also improving the overall sustainability and biodiversity of the Marjan Forest Park. With targeted activities, products and infrastructure, the project will contribute to the increase in the number of visitors and tourists \u2013 and restore Marjan's splendor and reaffirm its status as one of the main symbols of its city of Split. The key goals of the project are to enhance Marjan's protection and sustainability, increase visitor numbers by expanding key facilities, and revitalize and put into function the existing buildings and surfaces. The target group of the project includes all visitors of Marjan \u2013 people of all ages, athletes, recreationists, individuals with various disabilities, daily users, local residents, and increasingly, tourists. The aim is to develop diverse visitor offer, tailored to their preferences and needs.<\/p>\n<p class=\"odlomak\" style=\"margin-left: 128px; margin-bottom: 80px; margin-right: 335px;\"><strong>The project is worth<\/strong> HRK 26,614,389.24<\/p>","protected":false},"excerpt":{"rendered":"<p>Projekt \u201eMarjan 2020-brdo pro\u0161losti, oaza budu\u0107nosti\u201c jedinstven je primjer kako minimalnim intervencijama u prirodnoj ba\u0161tini na\u010diniti zna\u010dajne pomake &#8211; stavljanjem cjelokupne prethodno devastirane infrastrukture u funkciju novog rasta, razvoja, zapo\u0161ljavanja, ali i pobolj\u0161anja cjelokupne odr\u017eivosti, te bioraznolikosti park-\u0161ume Marjan. Projekt \u0107e ciljanim sadr\u017eajima, aktivnostima, proizvodima i infrastrukturom direktno utjecati na porast broja posjetitelja i turista [&hellip;]<\/p>","protected":false},"author":1,"featured_media":5091,"parent":0,"menu_order":0,"comment_status":"closed","ping_status":"closed","template":"","meta":{"inline_featured_image":false,"footnotes":""},"acf":[],"yoast_head":"<!-- This site is optimized with the Yoast SEO plugin v22.2 - https:\/\/yoast.com\/wordpress\/plugins\/seo\/ -->\n<title>O projektu Marjan 2020 - Marjan<\/title>\n<meta name=\"robots\" content=\"index, follow, max-snippet:-1, max-image-preview:large, max-video-preview:-1\" \/>\n<link rel=\"canonical\" href=\"https:\/\/www.visitmarjan.com\/en\/o-projektu-marjan-2020\/\" \/>\n<meta property=\"og:locale\" content=\"en_GB\" \/>\n<meta property=\"og:type\" content=\"article\" \/>\n<meta property=\"og:title\" content=\"O projektu Marjan 2020 - Marjan\" \/>\n<meta property=\"og:description\" content=\"Projekt \u201eMarjan 2020-brdo pro\u0161losti, oaza budu\u0107nosti\u201c jedinstven je primjer kako minimalnim intervencijama u prirodnoj ba\u0161tini na\u010diniti zna\u010dajne pomake &#8211; stavljanjem cjelokupne prethodno devastirane infrastrukture u funkciju novog rasta, razvoja, zapo\u0161ljavanja, ali i pobolj\u0161anja cjelokupne odr\u017eivosti, te bioraznolikosti park-\u0161ume Marjan. Projekt \u0107e ciljanim sadr\u017eajima, aktivnostima, proizvodima i infrastrukturom direktno utjecati na porast broja posjetitelja i turista [&hellip;]\" \/>\n<meta property=\"og:url\" content=\"https:\/\/www.visitmarjan.com\/en\/o-projektu-marjan-2020\/\" \/>\n<meta property=\"og:site_name\" content=\"Marjan\" \/>\n<meta property=\"article:modified_time\" content=\"2023-03-15T08:15:16+00:00\" \/>\n<meta property=\"og:image\" content=\"https:\/\/www.visitmarjan.com\/wp-content\/uploads\/2023\/03\/AD-6-min-scaled.jpg\" \/>\n\t<meta property=\"og:image:width\" content=\"2560\" \/>\n\t<meta property=\"og:image:height\" content=\"1705\" \/>\n\t<meta property=\"og:image:type\" content=\"image\/jpeg\" \/>\n<meta name=\"twitter:card\" content=\"summary_large_image\" \/>\n<meta name=\"twitter:label1\" content=\"Estimated reading time\" \/>\n\t<meta name=\"twitter:data1\" content=\"1 minute\" \/>\n<script type=\"application\/ld+json\" class=\"yoast-schema-graph\">{\"@context\":\"https:\/\/schema.org\",\"@graph\":[{\"@type\":\"WebPage\",\"@id\":\"https:\/\/www.visitmarjan.com\/o-projektu-marjan-2020\/\",\"url\":\"https:\/\/www.visitmarjan.com\/o-projektu-marjan-2020\/\",\"name\":\"O projektu Marjan 2020 - Marjan\",\"isPartOf\":{\"@id\":\"https:\/\/www.visitmarjan.com\/#website\"},\"primaryImageOfPage\":{\"@id\":\"https:\/\/www.visitmarjan.com\/o-projektu-marjan-2020\/#primaryimage\"},\"image\":{\"@id\":\"https:\/\/www.visitmarjan.com\/o-projektu-marjan-2020\/#primaryimage\"},\"thumbnailUrl\":\"https:\/\/www.visitmarjan.com\/wp-content\/uploads\/2023\/03\/AD-6-min-scaled.jpg\",\"datePublished\":\"2021-12-07T12:56:38+00:00\",\"dateModified\":\"2023-03-15T08:15:16+00:00\",\"breadcrumb\":{\"@id\":\"https:\/\/www.visitmarjan.com\/o-projektu-marjan-2020\/#breadcrumb\"},\"inLanguage\":\"en-GB\",\"potentialAction\":[{\"@type\":\"ReadAction\",\"target\":[\"https:\/\/www.visitmarjan.com\/o-projektu-marjan-2020\/\"]}]},{\"@type\":\"ImageObject\",\"inLanguage\":\"en-GB\",\"@id\":\"https:\/\/www.visitmarjan.com\/o-projektu-marjan-2020\/#primaryimage\",\"url\":\"https:\/\/www.visitmarjan.com\/wp-content\/uploads\/2023\/03\/AD-6-min-scaled.jpg\",\"contentUrl\":\"https:\/\/www.visitmarjan.com\/wp-content\/uploads\/2023\/03\/AD-6-min-scaled.jpg\",\"width\":2560,\"height\":1705},{\"@type\":\"BreadcrumbList\",\"@id\":\"https:\/\/www.visitmarjan.com\/o-projektu-marjan-2020\/#breadcrumb\",\"itemListElement\":[{\"@type\":\"ListItem\",\"position\":1,\"name\":\"Home\",\"item\":\"https:\/\/www.visitmarjan.com\/\"},{\"@type\":\"ListItem\",\"position\":2,\"name\":\"O projektu Marjan 2020\"}]},{\"@type\":\"WebSite\",\"@id\":\"https:\/\/www.visitmarjan.com\/#website\",\"url\":\"https:\/\/www.visitmarjan.com\/\",\"name\":\"Marjan\",\"description\":\"\",\"potentialAction\":[{\"@type\":\"SearchAction\",\"target\":{\"@type\":\"EntryPoint\",\"urlTemplate\":\"https:\/\/www.visitmarjan.com\/?s={search_term_string}\"},\"query-input\":\"required name=search_term_string\"}],\"inLanguage\":\"en-GB\"}]}<\/script>\n<!-- \/ Yoast SEO plugin. -->","yoast_head_json":{"title":"O projektu Marjan 2020 - Marjan","robots":{"index":"index","follow":"follow","max-snippet":"max-snippet:-1","max-image-preview":"max-image-preview:large","max-video-preview":"max-video-preview:-1"},"canonical":"https:\/\/www.visitmarjan.com\/en\/o-projektu-marjan-2020\/","og_locale":"en_GB","og_type":"article","og_title":"O projektu Marjan 2020 - Marjan","og_description":"Projekt \u201eMarjan 2020-brdo pro\u0161losti, oaza budu\u0107nosti\u201c jedinstven je primjer kako minimalnim intervencijama u prirodnoj ba\u0161tini na\u010diniti zna\u010dajne pomake &#8211; stavljanjem cjelokupne prethodno devastirane infrastrukture u funkciju novog rasta, razvoja, zapo\u0161ljavanja, ali i pobolj\u0161anja cjelokupne odr\u017eivosti, te bioraznolikosti park-\u0161ume Marjan. Projekt \u0107e ciljanim sadr\u017eajima, aktivnostima, proizvodima i infrastrukturom direktno utjecati na porast broja posjetitelja i turista [&hellip;]","og_url":"https:\/\/www.visitmarjan.com\/en\/o-projektu-marjan-2020\/","og_site_name":"Marjan","article_modified_time":"2023-03-15T08:15:16+00:00","og_image":[{"width":2560,"height":1705,"url":"https:\/\/www.visitmarjan.com\/wp-content\/uploads\/2023\/03\/AD-6-min-scaled.jpg","type":"image\/jpeg"}],"twitter_card":"summary_large_image","twitter_misc":{"Estimated reading time":"1 minute"},"schema":{"@context":"https:\/\/schema.org","@graph":[{"@type":"WebPage","@id":"https:\/\/www.visitmarjan.com\/o-projektu-marjan-2020\/","url":"https:\/\/www.visitmarjan.com\/o-projektu-marjan-2020\/","name":"O projektu Marjan 2020 - Marjan","isPartOf":{"@id":"https:\/\/www.visitmarjan.com\/#website"},"primaryImageOfPage":{"@id":"https:\/\/www.visitmarjan.com\/o-projektu-marjan-2020\/#primaryimage"},"image":{"@id":"https:\/\/www.visitmarjan.com\/o-projektu-marjan-2020\/#primaryimage"},"thumbnailUrl":"https:\/\/www.visitmarjan.com\/wp-content\/uploads\/2023\/03\/AD-6-min-scaled.jpg","datePublished":"2021-12-07T12:56:38+00:00","dateModified":"2023-03-15T08:15:16+00:00","breadcrumb":{"@id":"https:\/\/www.visitmarjan.com\/o-projektu-marjan-2020\/#breadcrumb"},"inLanguage":"en-GB","potentialAction":[{"@type":"ReadAction","target":["https:\/\/www.visitmarjan.com\/o-projektu-marjan-2020\/"]}]},{"@type":"ImageObject","inLanguage":"en-GB","@id":"https:\/\/www.visitmarjan.com\/o-projektu-marjan-2020\/#primaryimage","url":"https:\/\/www.visitmarjan.com\/wp-content\/uploads\/2023\/03\/AD-6-min-scaled.jpg","contentUrl":"https:\/\/www.visitmarjan.com\/wp-content\/uploads\/2023\/03\/AD-6-min-scaled.jpg","width":2560,"height":1705},{"@type":"BreadcrumbList","@id":"https:\/\/www.visitmarjan.com\/o-projektu-marjan-2020\/#breadcrumb","itemListElement":[{"@type":"ListItem","position":1,"name":"Home","item":"https:\/\/www.visitmarjan.com\/"},{"@type":"ListItem","position":2,"name":"O projektu Marjan 2020"}]},{"@type":"WebSite","@id":"https:\/\/www.visitmarjan.com\/#website","url":"https:\/\/www.visitmarjan.com\/","name":"Marjan","description":"","potentialAction":[{"@type":"SearchAction","target":{"@type":"EntryPoint","urlTemplate":"https:\/\/www.visitmarjan.com\/?s={search_term_string}"},"query-input":"required name=search_term_string"}],"inLanguage":"en-GB"}]}},"_links":{"self":[{"href":"https:\/\/www.visitmarjan.com\/en\/wp-json\/wp\/v2\/pages\/2003"}],"collection":[{"href":"https:\/\/www.visitmarjan.com\/en\/wp-json\/wp\/v2\/pages"}],"about":[{"href":"https:\/\/www.visitmarjan.com\/en\/wp-json\/wp\/v2\/types\/page"}],"author":[{"embeddable":true,"href":"https:\/\/www.visitmarjan.com\/en\/wp-json\/wp\/v2\/users\/1"}],"replies":[{"embeddable":true,"href":"https:\/\/www.visitmarjan.com\/en\/wp-json\/wp\/v2\/comments?post=2003"}],"version-history":[{"count":9,"href":"https:\/\/www.visitmarjan.com\/en\/wp-json\/wp\/v2\/pages\/2003\/revisions"}],"predecessor-version":[{"id":2245,"href":"https:\/\/www.visitmarjan.com\/en\/wp-json\/wp\/v2\/pages\/2003\/revisions\/2245"}],"wp:featuredmedia":[{"embeddable":true,"href":"https:\/\/www.visitmarjan.com\/en\/wp-json\/wp\/v2\/media\/5091"}],"wp:attachment":[{"href":"https:\/\/www.visitmarjan.com\/en\/wp-json\/wp\/v2\/media?parent=2003"}],"curies":[{"name":"wp","href":"https:\/\/api.w.org\/{rel}","templated":true}]}}