{"id":2015,"date":"2021-12-07T14:20:30","date_gmt":"2021-12-07T13:20:30","guid":{"rendered":"https:\/\/www.visitmarjan.com\/?page_id=2015"},"modified":"2021-12-10T14:22:41","modified_gmt":"2021-12-10T13:22:41","slug":"fauna","status":"publish","type":"page","link":"https:\/\/www.visitmarjan.com\/en\/fauna\/","title":{"rendered":"Fauna"},"content":{"rendered":"<p class=\"odlomak\" style=\"margin-left: 128px; margin-bottom: 30px; margin-right: 335px;\">Over time, changes in habitats have affected the fauna of Marjan. For example, species that needed large and continuous habitats in the past have now disappeared. However, new habitats such as grasslands or thickets provide conditions suitable for species that would not otherwise survive in the dense forested areas, such as reptiles.<\/p>\n<p class=\"odlomak translation-block\" style=\"margin-left: 128px; margin-bottom: 30px; margin-right: 335px;\">The fauna of Marjan is isolated from other natural areas, which can lead to <b>the accumulation of genetic anomalies<\/b>, and reduce an animal\u2019s ability to adapt to adverse environmental conditions. <b>Although Marjan is a relatively small biological complex, it has a variety of habitats. <\/b>For example, numerous invertebrates, especially insects, live on Marjan, while rocky habitats and mosaics of grasslands and shrubs provide <b>suitable habitats for various reptiles. <\/b>The forested areas support numerous bird species, and various bat species inhabit different habitats from thickets to grasslands. Mammals are represented by a small number of species, predominantly smaller ones. However, the fauna of Marjan requires more detailed studies and identification of species.<\/p>\n<p class=\"odlomak\" style=\"margin-left: 128px; margin-bottom: 30px; margin-right: 335px;\"><a href=\"\/wp-content\/uploads\/2021\/12\/Studija_PSM_val-prir-bast.pdf\" target=\"blank\" rel=\"noopener\" class=\"studija\">Valorization study of the natural heritage of the Marjan Forest Park with a proposal for educational and informative content (.pdf - croatian )<\/a><\/p>","protected":false},"excerpt":{"rendered":"<p>Promjene u stani\u0161tima kroz vrijeme rezultirale su i promjenama u fauni Marjana. Tako su u pro\u0161losti nestale vrste kojima je bilo potrebno veliko i neprekinuto stani\u0161te, me\u0111utim nastajanje novih stani\u0161ta kao \u0161to su travnjaci ili bu\u0161ici stvorili su uvjete pogodne za vrste koje ne bi mogle biti ina\u010de prisutne u gustom \u0161umskom sklopu, npr. gmazovi. [&hellip;]<\/p>","protected":false},"author":1,"featured_media":2017,"parent":0,"menu_order":0,"comment_status":"closed","ping_status":"closed","template":"","meta":{"inline_featured_image":false,"footnotes":""},"acf":[],"yoast_head":"<!-- This site is optimized with the Yoast SEO plugin v22.2 - https:\/\/yoast.com\/wordpress\/plugins\/seo\/ -->\n<title>Fauna - Marjan<\/title>\n<meta name=\"robots\" content=\"index, follow, max-snippet:-1, max-image-preview:large, max-video-preview:-1\" \/>\n<link rel=\"canonical\" href=\"https:\/\/www.visitmarjan.com\/en\/fauna\/\" \/>\n<meta property=\"og:locale\" content=\"en_GB\" \/>\n<meta property=\"og:type\" content=\"article\" \/>\n<meta property=\"og:title\" content=\"Fauna - Marjan\" \/>\n<meta property=\"og:description\" content=\"Promjene u stani\u0161tima kroz vrijeme rezultirale su i promjenama u fauni Marjana. Tako su u pro\u0161losti nestale vrste kojima je bilo potrebno veliko i neprekinuto stani\u0161te, me\u0111utim nastajanje novih stani\u0161ta kao \u0161to su travnjaci ili bu\u0161ici stvorili su uvjete pogodne za vrste koje ne bi mogle biti ina\u010de prisutne u gustom \u0161umskom sklopu, npr. gmazovi. [&hellip;]\" \/>\n<meta property=\"og:url\" content=\"https:\/\/www.visitmarjan.com\/en\/fauna\/\" \/>\n<meta property=\"og:site_name\" content=\"Marjan\" \/>\n<meta property=\"article:modified_time\" content=\"2021-12-10T13:22:41+00:00\" \/>\n<meta property=\"og:image\" content=\"https:\/\/www.visitmarjan.com\/wp-content\/uploads\/2021\/12\/flora_marjan20-scaled-e1638883681961.jpg\" \/>\n\t<meta property=\"og:image:width\" content=\"2560\" \/>\n\t<meta property=\"og:image:height\" content=\"1292\" \/>\n\t<meta property=\"og:image:type\" content=\"image\/jpeg\" \/>\n<meta name=\"twitter:card\" content=\"summary_large_image\" \/>\n<meta name=\"twitter:label1\" content=\"Estimated reading time\" \/>\n\t<meta name=\"twitter:data1\" content=\"1 minute\" \/>\n<script type=\"application\/ld+json\" class=\"yoast-schema-graph\">{\"@context\":\"https:\/\/schema.org\",\"@graph\":[{\"@type\":\"WebPage\",\"@id\":\"https:\/\/www.visitmarjan.com\/fauna\/\",\"url\":\"https:\/\/www.visitmarjan.com\/fauna\/\",\"name\":\"Fauna - Marjan\",\"isPartOf\":{\"@id\":\"https:\/\/www.visitmarjan.com\/#website\"},\"primaryImageOfPage\":{\"@id\":\"https:\/\/www.visitmarjan.com\/fauna\/#primaryimage\"},\"image\":{\"@id\":\"https:\/\/www.visitmarjan.com\/fauna\/#primaryimage\"},\"thumbnailUrl\":\"https:\/\/www.visitmarjan.com\/wp-content\/uploads\/2021\/12\/flora_marjan20-scaled-e1638883681961.jpg\",\"datePublished\":\"2021-12-07T13:20:30+00:00\",\"dateModified\":\"2021-12-10T13:22:41+00:00\",\"breadcrumb\":{\"@id\":\"https:\/\/www.visitmarjan.com\/fauna\/#breadcrumb\"},\"inLanguage\":\"en-GB\",\"potentialAction\":[{\"@type\":\"ReadAction\",\"target\":[\"https:\/\/www.visitmarjan.com\/fauna\/\"]}]},{\"@type\":\"ImageObject\",\"inLanguage\":\"en-GB\",\"@id\":\"https:\/\/www.visitmarjan.com\/fauna\/#primaryimage\",\"url\":\"https:\/\/www.visitmarjan.com\/wp-content\/uploads\/2021\/12\/flora_marjan20-scaled-e1638883681961.jpg\",\"contentUrl\":\"https:\/\/www.visitmarjan.com\/wp-content\/uploads\/2021\/12\/flora_marjan20-scaled-e1638883681961.jpg\",\"width\":2560,\"height\":1292,\"caption\":\"kukac\"},{\"@type\":\"BreadcrumbList\",\"@id\":\"https:\/\/www.visitmarjan.com\/fauna\/#breadcrumb\",\"itemListElement\":[{\"@type\":\"ListItem\",\"position\":1,\"name\":\"Home\",\"item\":\"https:\/\/www.visitmarjan.com\/\"},{\"@type\":\"ListItem\",\"position\":2,\"name\":\"Fauna\"}]},{\"@type\":\"WebSite\",\"@id\":\"https:\/\/www.visitmarjan.com\/#website\",\"url\":\"https:\/\/www.visitmarjan.com\/\",\"name\":\"Marjan\",\"description\":\"\",\"potentialAction\":[{\"@type\":\"SearchAction\",\"target\":{\"@type\":\"EntryPoint\",\"urlTemplate\":\"https:\/\/www.visitmarjan.com\/?s={search_term_string}\"},\"query-input\":\"required name=search_term_string\"}],\"inLanguage\":\"en-GB\"}]}<\/script>\n<!-- \/ Yoast SEO plugin. -->","yoast_head_json":{"title":"Fauna - Marjan","robots":{"index":"index","follow":"follow","max-snippet":"max-snippet:-1","max-image-preview":"max-image-preview:large","max-video-preview":"max-video-preview:-1"},"canonical":"https:\/\/www.visitmarjan.com\/en\/fauna\/","og_locale":"en_GB","og_type":"article","og_title":"Fauna - Marjan","og_description":"Promjene u stani\u0161tima kroz vrijeme rezultirale su i promjenama u fauni Marjana. Tako su u pro\u0161losti nestale vrste kojima je bilo potrebno veliko i neprekinuto stani\u0161te, me\u0111utim nastajanje novih stani\u0161ta kao \u0161to su travnjaci ili bu\u0161ici stvorili su uvjete pogodne za vrste koje ne bi mogle biti ina\u010de prisutne u gustom \u0161umskom sklopu, npr. gmazovi. [&hellip;]","og_url":"https:\/\/www.visitmarjan.com\/en\/fauna\/","og_site_name":"Marjan","article_modified_time":"2021-12-10T13:22:41+00:00","og_image":[{"width":2560,"height":1292,"url":"https:\/\/www.visitmarjan.com\/wp-content\/uploads\/2021\/12\/flora_marjan20-scaled-e1638883681961.jpg","type":"image\/jpeg"}],"twitter_card":"summary_large_image","twitter_misc":{"Estimated reading time":"1 minute"},"schema":{"@context":"https:\/\/schema.org","@graph":[{"@type":"WebPage","@id":"https:\/\/www.visitmarjan.com\/fauna\/","url":"https:\/\/www.visitmarjan.com\/fauna\/","name":"Fauna - Marjan","isPartOf":{"@id":"https:\/\/www.visitmarjan.com\/#website"},"primaryImageOfPage":{"@id":"https:\/\/www.visitmarjan.com\/fauna\/#primaryimage"},"image":{"@id":"https:\/\/www.visitmarjan.com\/fauna\/#primaryimage"},"thumbnailUrl":"https:\/\/www.visitmarjan.com\/wp-content\/uploads\/2021\/12\/flora_marjan20-scaled-e1638883681961.jpg","datePublished":"2021-12-07T13:20:30+00:00","dateModified":"2021-12-10T13:22:41+00:00","breadcrumb":{"@id":"https:\/\/www.visitmarjan.com\/fauna\/#breadcrumb"},"inLanguage":"en-GB","potentialAction":[{"@type":"ReadAction","target":["https:\/\/www.visitmarjan.com\/fauna\/"]}]},{"@type":"ImageObject","inLanguage":"en-GB","@id":"https:\/\/www.visitmarjan.com\/fauna\/#primaryimage","url":"https:\/\/www.visitmarjan.com\/wp-content\/uploads\/2021\/12\/flora_marjan20-scaled-e1638883681961.jpg","contentUrl":"https:\/\/www.visitmarjan.com\/wp-content\/uploads\/2021\/12\/flora_marjan20-scaled-e1638883681961.jpg","width":2560,"height":1292,"caption":"kukac"},{"@type":"BreadcrumbList","@id":"https:\/\/www.visitmarjan.com\/fauna\/#breadcrumb","itemListElement":[{"@type":"ListItem","position":1,"name":"Home","item":"https:\/\/www.visitmarjan.com\/"},{"@type":"ListItem","position":2,"name":"Fauna"}]},{"@type":"WebSite","@id":"https:\/\/www.visitmarjan.com\/#website","url":"https:\/\/www.visitmarjan.com\/","name":"Marjan","description":"","potentialAction":[{"@type":"SearchAction","target":{"@type":"EntryPoint","urlTemplate":"https:\/\/www.visitmarjan.com\/?s={search_term_string}"},"query-input":"required name=search_term_string"}],"inLanguage":"en-GB"}]}},"_links":{"self":[{"href":"https:\/\/www.visitmarjan.com\/en\/wp-json\/wp\/v2\/pages\/2015"}],"collection":[{"href":"https:\/\/www.visitmarjan.com\/en\/wp-json\/wp\/v2\/pages"}],"about":[{"href":"https:\/\/www.visitmarjan.com\/en\/wp-json\/wp\/v2\/types\/page"}],"author":[{"embeddable":true,"href":"https:\/\/www.visitmarjan.com\/en\/wp-json\/wp\/v2\/users\/1"}],"replies":[{"embeddable":true,"href":"https:\/\/www.visitmarjan.com\/en\/wp-json\/wp\/v2\/comments?post=2015"}],"version-history":[{"count":17,"href":"https:\/\/www.visitmarjan.com\/en\/wp-json\/wp\/v2\/pages\/2015\/revisions"}],"predecessor-version":[{"id":3012,"href":"https:\/\/www.visitmarjan.com\/en\/wp-json\/wp\/v2\/pages\/2015\/revisions\/3012"}],"wp:featuredmedia":[{"embeddable":true,"href":"https:\/\/www.visitmarjan.com\/en\/wp-json\/wp\/v2\/media\/2017"}],"wp:attachment":[{"href":"https:\/\/www.visitmarjan.com\/en\/wp-json\/wp\/v2\/media?parent=2015"}],"curies":[{"name":"wp","href":"https:\/\/api.w.org\/{rel}","templated":true}]}}