{"id":2045,"date":"2021-12-07T15:19:09","date_gmt":"2021-12-07T14:19:09","guid":{"rendered":"https:\/\/www.visitmarjan.com\/?page_id=2045"},"modified":"2021-12-08T14:08:11","modified_gmt":"2021-12-08T13:08:11","slug":"zasticena-prirodna-bastina","status":"publish","type":"page","link":"https:\/\/www.visitmarjan.com\/en\/zasticena-prirodna-bastina\/","title":{"rendered":"Protected natural heritage"},"content":{"rendered":"<p class=\"odlomak translation-block\" style=\"margin-left: 128px; margin-bottom: 50px; margin-right: 335px;\">According to the flora database (Flora Croatica Database \u2013 FCD) (Nikoli\u0107, 2015) (Ru\u0161\u010di\u0107 2002, 2015), approximately <b> 615 plant species and subspecies <\/b>have been recorded in the Marjan Forest Park area.<\/p>\n<p class=\"odlomak translation-block\" style=\"margin-left: 128px; margin-bottom: 50px; margin-right: 335px;\">Blackstonia perfoliata (L.) Huds. ssp. serotina (Rchb.) Vollm.; Delphinium peregrinum L.; Hibiscus trionum L.; Periploca graeca L.; <strong>six species are classified as vulnerable taxa<\/strong> (VU): Desmazeria marina (L.); Ophrys sphegodes Mill.; Salsola kali L.; Parapholis incurva (L.) C. E. Hubb.; Trifolium resupinatum L.; and <strong>four species are classified as near-threatened<\/strong> (NT): Chaerophyllum coloratum L.; Centaurea ragusina L.; Centaurea spinosociliata Seenus; Goniolimon dalmaticum (C. Presl) Rchb. f.; Arundo plinii Turra; Linaria microsepala A. Kern; and one critically endangered species (CR) &ndash; Consolida ajacis (L.) Schur.<\/p>\n<p class=\"odlomak translation-block\" style=\"margin-left: 128px; margin-bottom: 50px; margin-right: 335px;\">Goniolimon dalmaticum (C. Presl) Rchb. f.; Arundo plinii Turra; Linaria microsepala A. Kern; and one critically endangered species (CR) \u2013 Consolida ajacis (L.) Schur.<\/p>\n<p><img fetchpriority=\"high\" decoding=\"async\" class=\"alignnone wp-image-2048\" src=\"https:\/\/www.visitmarjan.com\/wp-content\/uploads\/2021\/12\/dubrovacka-zecina-min-300x225.jpg\" alt=\"dubrova\u010dka ze\u010dina\" width=\"1067\" height=\"800\" srcset=\"https:\/\/www.visitmarjan.com\/wp-content\/uploads\/2021\/12\/dubrovacka-zecina-min-300x225.jpg 300w, https:\/\/www.visitmarjan.com\/wp-content\/uploads\/2021\/12\/dubrovacka-zecina-min-1024x768.jpg 1024w, https:\/\/www.visitmarjan.com\/wp-content\/uploads\/2021\/12\/dubrovacka-zecina-min-768x576.jpg 768w, https:\/\/www.visitmarjan.com\/wp-content\/uploads\/2021\/12\/dubrovacka-zecina-min-1536x1152.jpg 1536w, https:\/\/www.visitmarjan.com\/wp-content\/uploads\/2021\/12\/dubrovacka-zecina-min-2048x1536.jpg 2048w\" sizes=\"(max-width: 1067px) 100vw, 1067px\" \/><\/p>\n<p>&nbsp;<\/p>\n<p class=\"odlomak translation-block\" style=\"margin-left: 128px; margin-bottom: 30px; margin-right: 335px;\"><p>In the flora of Marjan, <strong>23 plant taxa<\/strong> have been identified as <strong>strictly protected species<\/strong>, according to the <em>Regulation on Strictly Protected Species <\/em>(the Official Gazette 144\/13; 73\/16)<em>. <\/em>These are:<\/p><\/p>\n<ul class=\"ast-content-ul-list\">\n<li class=\" translation-block\">Aurinia leucadea (Guss.) K. Koch<\/li>\n<li class=\" translation-block\">Aurinia sinuata (L.) Griseb<\/li>\n<li class=\" translation-block\">Blackstonia perfoliata (L.) Huds.  ssp. serotina (Rchb.) Vollm.<\/li>\n<li class=\" translation-block\">Carduus micropterus (Borb\u00e1s) Teyber ssp. micropterus<\/li>\n<li class=\" translation-block\">Centaurea ragusina L.<\/li>\n<li class=\" translation-block\">Centaurea spinosociliata Seenus<\/li>\n<li class=\" translation-block\">Chaerophyllum coloratum L.<\/li>\n<li class=\" translation-block\">Limonium cancellatum (Bernh. ex Bertol.) Kuntze<\/li>\n<li class=\" translation-block\">Vincetoxicum hirundinaria Medik. ssp. adriaticum (Beck) Markgr.<\/li>\n<li class=\" translation-block\">Tanacetum cinerariifolium (Trevir.) Sch.Bip.<\/li>\n<li class=\" translation-block\">Cymodocea nodosa (Ucria) Asch.<\/li>\n<li class=\" translation-block\">Trifolium dalmaticum Vis.<\/li>\n<li class=\" translation-block\">Gladiolus illyricus W. D. J. Koch<\/li>\n<li class=\" translation-block\">Hibiscus trionum L.<\/li>\n<li class=\" translation-block\">Ophrys sphegodes Mill.<\/li>\n<li class=\" translation-block\">Goniolimon dalmaticum (C. Presl) Rchb. f.<\/li>\n<li class=\" translation-block\">Genista sylvestris Scop. ssp. dalmatica (Bartl.) H. Lindb.<\/li>\n<li class=\" translation-block\">Limonium cancellatum (Bernh. ex Bertol.) Kuntze<\/li>\n<li class=\" translation-block\">Arundo plinii Turra<\/li>\n<li class=\" translation-block\">Delphinium peregrinum L.<\/li>\n<li class=\" translation-block\">Parapholis incurva (L.) C. E. Hubb.<\/li>\n<li class=\" translation-block\">Onosma echioides (L.) L. ssp. dalmatica (Scheele) Peruzzi et N. G. Passal.<\/li>\n<li class=\" translation-block\">Linaria microsepala A. Kern.<\/li>\n<li class=\" translation-block\">Consolida ajacis (L.) Schur<\/li>\n<\/ul>\n<p>&nbsp;<\/p>\n<p><img decoding=\"async\" class=\"alignnone wp-image-2049 lazyload\" data-src=\"https:\/\/www.visitmarjan.com\/wp-content\/uploads\/2021\/12\/buhac-min-300x225.jpg\" alt=\"buha\u010d\" width=\"1067\" height=\"800\" data-srcset=\"https:\/\/www.visitmarjan.com\/wp-content\/uploads\/2021\/12\/buhac-min-300x225.jpg 300w, https:\/\/www.visitmarjan.com\/wp-content\/uploads\/2021\/12\/buhac-min-1024x768.jpg 1024w, https:\/\/www.visitmarjan.com\/wp-content\/uploads\/2021\/12\/buhac-min-768x576.jpg 768w, https:\/\/www.visitmarjan.com\/wp-content\/uploads\/2021\/12\/buhac-min-1536x1152.jpg 1536w, https:\/\/www.visitmarjan.com\/wp-content\/uploads\/2021\/12\/buhac-min-2048x1536.jpg 2048w\" data-sizes=\"(max-width: 1067px) 100vw, 1067px\" src=\"data:image\/gif;base64,R0lGODlhAQABAAAAACH5BAEKAAEALAAAAAABAAEAAAICTAEAOw==\" style=\"--smush-placeholder-width: 1067px; --smush-placeholder-aspect-ratio: 1067\/800;\" \/><noscript><img decoding=\"async\" class=\"alignnone wp-image-2049\" src=\"https:\/\/www.visitmarjan.com\/wp-content\/uploads\/2021\/12\/buhac-min-300x225.jpg\" alt=\"buha\u010d\" width=\"1067\" height=\"800\" srcset=\"https:\/\/www.visitmarjan.com\/wp-content\/uploads\/2021\/12\/buhac-min-300x225.jpg 300w, https:\/\/www.visitmarjan.com\/wp-content\/uploads\/2021\/12\/buhac-min-1024x768.jpg 1024w, https:\/\/www.visitmarjan.com\/wp-content\/uploads\/2021\/12\/buhac-min-768x576.jpg 768w, https:\/\/www.visitmarjan.com\/wp-content\/uploads\/2021\/12\/buhac-min-1536x1152.jpg 1536w, https:\/\/www.visitmarjan.com\/wp-content\/uploads\/2021\/12\/buhac-min-2048x1536.jpg 2048w\" sizes=\"(max-width: 1067px) 100vw, 1067px\" \/><\/noscript><\/p>\n<p>&nbsp;<\/p>\n<p class=\"odlomak\" style=\"margin-left: 128px; margin-bottom: 30px; margin-right: 335px;\">There are <b>14 endemic taxa <\/b>in the flora of Marjan:<strong> 14 endemi\u010dnih svojti<\/strong><strong>:<\/strong><\/p>\n<ul class=\"ast-content-ul-list\">\n<li class=\" translation-block\">Aurinia leucadea (Guss.) K. Koch<\/li>\n<li class=\" translation-block\">Aurinia sinuata (L.) Griseb.<\/li>\n<li class=\" translation-block\">Trifolium dalmaticum Vis.<\/li>\n<li class=\" translation-block\">Chaerophyllum coloratum L.<\/li>\n<li><em>Carduus micropterus<\/em> (Borb\u00e1s) Teyber ssp. <em>micropterus<\/em><\/li>\n<li class=\" translation-block\">Centaurea ragusina L.<\/li>\n<li class=\" translation-block\">Centaurea spinosociliata Seenus<\/li>\n<li class=\" translation-block\">Limonium cancellatum (Bernh. ex Bertol.) Kuntze<\/li>\n<li class=\" translation-block\">Vincetoxicum hirundinaria Medik. ssp. adriaticum (Beck) Markgr.<\/li>\n<li class=\" translation-block\">Tanacetum cinerariifolium (Trevir.) Sch.Bip.<\/li>\n<li class=\" translation-block\">Goniolimon dalmaticum (C. Presl) Rchb. f.<\/li>\n<li class=\" translation-block\">Onosma echioides (L.) L. ssp. dalmatica (Scheele) Peruzzi et N. G. Passal.<\/li>\n<li class=\" translation-block\">Linaria microsepala A. Kern.<\/li>\n<li class=\" translation-block\">Genista sylvestris Scop. ssp. dalmatica (Bartl.) H. Lindb.<\/li>\n<\/ul>\n<p>&nbsp;<\/p>\n<p><img decoding=\"async\" class=\"alignnone wp-image-2050 lazyload\" data-src=\"https:\/\/www.visitmarjan.com\/wp-content\/uploads\/2021\/12\/obojena-krabljica-min-300x225.jpg\" alt=\"obojena krabljica\" width=\"1067\" height=\"800\" data-srcset=\"https:\/\/www.visitmarjan.com\/wp-content\/uploads\/2021\/12\/obojena-krabljica-min-300x225.jpg 300w, https:\/\/www.visitmarjan.com\/wp-content\/uploads\/2021\/12\/obojena-krabljica-min-1024x768.jpg 1024w, https:\/\/www.visitmarjan.com\/wp-content\/uploads\/2021\/12\/obojena-krabljica-min-768x576.jpg 768w, https:\/\/www.visitmarjan.com\/wp-content\/uploads\/2021\/12\/obojena-krabljica-min-1536x1152.jpg 1536w, https:\/\/www.visitmarjan.com\/wp-content\/uploads\/2021\/12\/obojena-krabljica-min-2048x1536.jpg 2048w\" data-sizes=\"(max-width: 1067px) 100vw, 1067px\" src=\"data:image\/gif;base64,R0lGODlhAQABAAAAACH5BAEKAAEALAAAAAABAAEAAAICTAEAOw==\" style=\"--smush-placeholder-width: 1067px; --smush-placeholder-aspect-ratio: 1067\/800;\" \/><noscript><img decoding=\"async\" class=\"alignnone wp-image-2050\" src=\"https:\/\/www.visitmarjan.com\/wp-content\/uploads\/2021\/12\/obojena-krabljica-min-300x225.jpg\" alt=\"obojena krabljica\" width=\"1067\" height=\"800\" srcset=\"https:\/\/www.visitmarjan.com\/wp-content\/uploads\/2021\/12\/obojena-krabljica-min-300x225.jpg 300w, https:\/\/www.visitmarjan.com\/wp-content\/uploads\/2021\/12\/obojena-krabljica-min-1024x768.jpg 1024w, https:\/\/www.visitmarjan.com\/wp-content\/uploads\/2021\/12\/obojena-krabljica-min-768x576.jpg 768w, https:\/\/www.visitmarjan.com\/wp-content\/uploads\/2021\/12\/obojena-krabljica-min-1536x1152.jpg 1536w, https:\/\/www.visitmarjan.com\/wp-content\/uploads\/2021\/12\/obojena-krabljica-min-2048x1536.jpg 2048w\" sizes=\"(max-width: 1067px) 100vw, 1067px\" \/><\/noscript><\/p>\n<p>&nbsp;<\/p>\n<p>&nbsp;<\/p>","protected":false},"excerpt":{"rendered":"<p>Prema podatcima florne baze podataka (Flora Croatica Database &#8211; FCD) (Nikoli\u0107, 2015) (Ru\u0161\u010di\u0107 2002 i 2015) na podru\u010dju Park-\u0161ume Marjan ukupno je zabilje\u017eeno oko 615 biljnih vrsta i podvrsta. U okviru ukupne flore Marjana utvr\u0111eno je 17 ugro\u017eenih vrsta definiranih prema Crvenoj knjizi vaskularne flore Republike Hrvatske (Nikoli\u0107 i Topi\u0107, 2005) (Nikoli\u0107 2010.) od toga [&hellip;]<\/p>","protected":false},"author":1,"featured_media":2040,"parent":0,"menu_order":0,"comment_status":"closed","ping_status":"closed","template":"","meta":{"inline_featured_image":false,"footnotes":""},"acf":[],"yoast_head":"<!-- This site is optimized with the Yoast SEO plugin v22.2 - https:\/\/yoast.com\/wordpress\/plugins\/seo\/ -->\n<title>Za\u0161ti\u0107ena prirodna ba\u0161tina - Marjan<\/title>\n<meta name=\"robots\" content=\"index, follow, max-snippet:-1, max-image-preview:large, max-video-preview:-1\" \/>\n<link rel=\"canonical\" href=\"https:\/\/www.visitmarjan.com\/en\/zasticena-prirodna-bastina\/\" \/>\n<meta property=\"og:locale\" content=\"en_GB\" \/>\n<meta property=\"og:type\" content=\"article\" \/>\n<meta property=\"og:title\" content=\"Za\u0161ti\u0107ena prirodna ba\u0161tina - Marjan\" \/>\n<meta property=\"og:description\" content=\"Prema podatcima florne baze podataka (Flora Croatica Database &#8211; FCD) (Nikoli\u0107, 2015) (Ru\u0161\u010di\u0107 2002 i 2015) na podru\u010dju Park-\u0161ume Marjan ukupno je zabilje\u017eeno oko 615 biljnih vrsta i podvrsta. U okviru ukupne flore Marjana utvr\u0111eno je 17 ugro\u017eenih vrsta definiranih prema Crvenoj knjizi vaskularne flore Republike Hrvatske (Nikoli\u0107 i Topi\u0107, 2005) (Nikoli\u0107 2010.) od toga [&hellip;]\" \/>\n<meta property=\"og:url\" content=\"https:\/\/www.visitmarjan.com\/en\/zasticena-prirodna-bastina\/\" \/>\n<meta property=\"og:site_name\" content=\"Marjan\" \/>\n<meta property=\"article:modified_time\" content=\"2021-12-08T13:08:11+00:00\" \/>\n<meta property=\"og:image\" content=\"https:\/\/www.visitmarjan.com\/wp-content\/uploads\/2021\/12\/flora_marjan11-min-scaled.jpg\" \/>\n\t<meta property=\"og:image:width\" content=\"2560\" \/>\n\t<meta property=\"og:image:height\" content=\"1707\" \/>\n\t<meta property=\"og:image:type\" content=\"image\/jpeg\" \/>\n<meta name=\"twitter:card\" content=\"summary_large_image\" \/>\n<meta name=\"twitter:label1\" content=\"Estimated reading time\" \/>\n\t<meta name=\"twitter:data1\" content=\"3 minutes\" \/>\n<script type=\"application\/ld+json\" class=\"yoast-schema-graph\">{\"@context\":\"https:\/\/schema.org\",\"@graph\":[{\"@type\":\"WebPage\",\"@id\":\"https:\/\/www.visitmarjan.com\/zasticena-prirodna-bastina\/\",\"url\":\"https:\/\/www.visitmarjan.com\/zasticena-prirodna-bastina\/\",\"name\":\"Za\u0161ti\u0107ena prirodna ba\u0161tina - Marjan\",\"isPartOf\":{\"@id\":\"https:\/\/www.visitmarjan.com\/#website\"},\"primaryImageOfPage\":{\"@id\":\"https:\/\/www.visitmarjan.com\/zasticena-prirodna-bastina\/#primaryimage\"},\"image\":{\"@id\":\"https:\/\/www.visitmarjan.com\/zasticena-prirodna-bastina\/#primaryimage\"},\"thumbnailUrl\":\"https:\/\/www.visitmarjan.com\/wp-content\/uploads\/2021\/12\/flora_marjan11-min-scaled.jpg\",\"datePublished\":\"2021-12-07T14:19:09+00:00\",\"dateModified\":\"2021-12-08T13:08:11+00:00\",\"breadcrumb\":{\"@id\":\"https:\/\/www.visitmarjan.com\/zasticena-prirodna-bastina\/#breadcrumb\"},\"inLanguage\":\"en-GB\",\"potentialAction\":[{\"@type\":\"ReadAction\",\"target\":[\"https:\/\/www.visitmarjan.com\/zasticena-prirodna-bastina\/\"]}]},{\"@type\":\"ImageObject\",\"inLanguage\":\"en-GB\",\"@id\":\"https:\/\/www.visitmarjan.com\/zasticena-prirodna-bastina\/#primaryimage\",\"url\":\"https:\/\/www.visitmarjan.com\/wp-content\/uploads\/2021\/12\/flora_marjan11-min-scaled.jpg\",\"contentUrl\":\"https:\/\/www.visitmarjan.com\/wp-content\/uploads\/2021\/12\/flora_marjan11-min-scaled.jpg\",\"width\":2560,\"height\":1707,\"caption\":\"alepski bor\"},{\"@type\":\"BreadcrumbList\",\"@id\":\"https:\/\/www.visitmarjan.com\/zasticena-prirodna-bastina\/#breadcrumb\",\"itemListElement\":[{\"@type\":\"ListItem\",\"position\":1,\"name\":\"Home\",\"item\":\"https:\/\/www.visitmarjan.com\/\"},{\"@type\":\"ListItem\",\"position\":2,\"name\":\"Za\u0161ti\u0107ena prirodna ba\u0161tina\"}]},{\"@type\":\"WebSite\",\"@id\":\"https:\/\/www.visitmarjan.com\/#website\",\"url\":\"https:\/\/www.visitmarjan.com\/\",\"name\":\"Marjan\",\"description\":\"\",\"potentialAction\":[{\"@type\":\"SearchAction\",\"target\":{\"@type\":\"EntryPoint\",\"urlTemplate\":\"https:\/\/www.visitmarjan.com\/?s={search_term_string}\"},\"query-input\":\"required name=search_term_string\"}],\"inLanguage\":\"en-GB\"}]}<\/script>\n<!-- \/ Yoast SEO plugin. -->","yoast_head_json":{"title":"Za\u0161ti\u0107ena prirodna ba\u0161tina - Marjan","robots":{"index":"index","follow":"follow","max-snippet":"max-snippet:-1","max-image-preview":"max-image-preview:large","max-video-preview":"max-video-preview:-1"},"canonical":"https:\/\/www.visitmarjan.com\/en\/zasticena-prirodna-bastina\/","og_locale":"en_GB","og_type":"article","og_title":"Za\u0161ti\u0107ena prirodna ba\u0161tina - Marjan","og_description":"Prema podatcima florne baze podataka (Flora Croatica Database &#8211; FCD) (Nikoli\u0107, 2015) (Ru\u0161\u010di\u0107 2002 i 2015) na podru\u010dju Park-\u0161ume Marjan ukupno je zabilje\u017eeno oko 615 biljnih vrsta i podvrsta. U okviru ukupne flore Marjana utvr\u0111eno je 17 ugro\u017eenih vrsta definiranih prema Crvenoj knjizi vaskularne flore Republike Hrvatske (Nikoli\u0107 i Topi\u0107, 2005) (Nikoli\u0107 2010.) od toga [&hellip;]","og_url":"https:\/\/www.visitmarjan.com\/en\/zasticena-prirodna-bastina\/","og_site_name":"Marjan","article_modified_time":"2021-12-08T13:08:11+00:00","og_image":[{"width":2560,"height":1707,"url":"https:\/\/www.visitmarjan.com\/wp-content\/uploads\/2021\/12\/flora_marjan11-min-scaled.jpg","type":"image\/jpeg"}],"twitter_card":"summary_large_image","twitter_misc":{"Estimated reading time":"3 minutes"},"schema":{"@context":"https:\/\/schema.org","@graph":[{"@type":"WebPage","@id":"https:\/\/www.visitmarjan.com\/zasticena-prirodna-bastina\/","url":"https:\/\/www.visitmarjan.com\/zasticena-prirodna-bastina\/","name":"Za\u0161ti\u0107ena prirodna ba\u0161tina - Marjan","isPartOf":{"@id":"https:\/\/www.visitmarjan.com\/#website"},"primaryImageOfPage":{"@id":"https:\/\/www.visitmarjan.com\/zasticena-prirodna-bastina\/#primaryimage"},"image":{"@id":"https:\/\/www.visitmarjan.com\/zasticena-prirodna-bastina\/#primaryimage"},"thumbnailUrl":"https:\/\/www.visitmarjan.com\/wp-content\/uploads\/2021\/12\/flora_marjan11-min-scaled.jpg","datePublished":"2021-12-07T14:19:09+00:00","dateModified":"2021-12-08T13:08:11+00:00","breadcrumb":{"@id":"https:\/\/www.visitmarjan.com\/zasticena-prirodna-bastina\/#breadcrumb"},"inLanguage":"en-GB","potentialAction":[{"@type":"ReadAction","target":["https:\/\/www.visitmarjan.com\/zasticena-prirodna-bastina\/"]}]},{"@type":"ImageObject","inLanguage":"en-GB","@id":"https:\/\/www.visitmarjan.com\/zasticena-prirodna-bastina\/#primaryimage","url":"https:\/\/www.visitmarjan.com\/wp-content\/uploads\/2021\/12\/flora_marjan11-min-scaled.jpg","contentUrl":"https:\/\/www.visitmarjan.com\/wp-content\/uploads\/2021\/12\/flora_marjan11-min-scaled.jpg","width":2560,"height":1707,"caption":"alepski bor"},{"@type":"BreadcrumbList","@id":"https:\/\/www.visitmarjan.com\/zasticena-prirodna-bastina\/#breadcrumb","itemListElement":[{"@type":"ListItem","position":1,"name":"Home","item":"https:\/\/www.visitmarjan.com\/"},{"@type":"ListItem","position":2,"name":"Za\u0161ti\u0107ena prirodna ba\u0161tina"}]},{"@type":"WebSite","@id":"https:\/\/www.visitmarjan.com\/#website","url":"https:\/\/www.visitmarjan.com\/","name":"Marjan","description":"","potentialAction":[{"@type":"SearchAction","target":{"@type":"EntryPoint","urlTemplate":"https:\/\/www.visitmarjan.com\/?s={search_term_string}"},"query-input":"required name=search_term_string"}],"inLanguage":"en-GB"}]}},"_links":{"self":[{"href":"https:\/\/www.visitmarjan.com\/en\/wp-json\/wp\/v2\/pages\/2045"}],"collection":[{"href":"https:\/\/www.visitmarjan.com\/en\/wp-json\/wp\/v2\/pages"}],"about":[{"href":"https:\/\/www.visitmarjan.com\/en\/wp-json\/wp\/v2\/types\/page"}],"author":[{"embeddable":true,"href":"https:\/\/www.visitmarjan.com\/en\/wp-json\/wp\/v2\/users\/1"}],"replies":[{"embeddable":true,"href":"https:\/\/www.visitmarjan.com\/en\/wp-json\/wp\/v2\/comments?post=2045"}],"version-history":[{"count":39,"href":"https:\/\/www.visitmarjan.com\/en\/wp-json\/wp\/v2\/pages\/2045\/revisions"}],"predecessor-version":[{"id":2382,"href":"https:\/\/www.visitmarjan.com\/en\/wp-json\/wp\/v2\/pages\/2045\/revisions\/2382"}],"wp:featuredmedia":[{"embeddable":true,"href":"https:\/\/www.visitmarjan.com\/en\/wp-json\/wp\/v2\/media\/2040"}],"wp:attachment":[{"href":"https:\/\/www.visitmarjan.com\/en\/wp-json\/wp\/v2\/media?parent=2045"}],"curies":[{"name":"wp","href":"https:\/\/api.w.org\/{rel}","templated":true}]}}