{"id":2100,"date":"2021-12-07T16:00:44","date_gmt":"2021-12-07T15:00:44","guid":{"rendered":"https:\/\/www.visitmarjan.com\/?page_id=2100"},"modified":"2021-12-08T13:09:36","modified_gmt":"2021-12-08T12:09:36","slug":"vjezbaliste-na-otvorenom","status":"publish","type":"page","link":"https:\/\/www.visitmarjan.com\/en\/vjezbaliste-na-otvorenom\/","title":{"rendered":"The outdoor exercise area"},"content":{"rendered":"<p class=\"odlomak\" style=\"margin-left: 128px; margin-bottom: 80px; margin-right: 335px;\"><strong>The outdoor exercise area<\/strong> covers approximately 125 m\u00b2, featuring dedicated space and suitable equipment for exercising. Recreationists are the most frequent visitors to the forest park, and this project aims to introduce additional content tailored to their interests.<\/p>\n<p>&nbsp;<\/p>\n<p><img fetchpriority=\"high\" decoding=\"async\" class=\"alignnone wp-image-2104\" src=\"https:\/\/www.visitmarjan.com\/wp-content\/uploads\/2021\/12\/vjezbaliste-na-otvorenom-2-300x200.jpg\" alt=\"\" width=\"1203\" height=\"802\" srcset=\"https:\/\/www.visitmarjan.com\/wp-content\/uploads\/2021\/12\/vjezbaliste-na-otvorenom-2-300x200.jpg 300w, https:\/\/www.visitmarjan.com\/wp-content\/uploads\/2021\/12\/vjezbaliste-na-otvorenom-2-1024x682.jpg 1024w, https:\/\/www.visitmarjan.com\/wp-content\/uploads\/2021\/12\/vjezbaliste-na-otvorenom-2-768x512.jpg 768w, https:\/\/www.visitmarjan.com\/wp-content\/uploads\/2021\/12\/vjezbaliste-na-otvorenom-2-391x260.jpg 391w, https:\/\/www.visitmarjan.com\/wp-content\/uploads\/2021\/12\/vjezbaliste-na-otvorenom-2-1536x1023.jpg 1536w, https:\/\/www.visitmarjan.com\/wp-content\/uploads\/2021\/12\/vjezbaliste-na-otvorenom-2.jpg 2048w\" sizes=\"(max-width: 1203px) 100vw, 1203px\" \/><\/p>","protected":false},"excerpt":{"rendered":"<p>Vje\u017ebali\u0161te na otvorenom povr\u0161ine je cca 125 m2, a na istu povr\u0161inu postavljen je sloj za vje\u017ebanje i odgovaraju\u0107a oprema. Jedna od osnovnih skupina posjetitelja u park-\u0161umi su rekreativci, a provedba ove projektne aktivnosti imala je za cilj uvo\u0111enje dodatnog sadr\u017eaja za tu interesnu skupinu. &nbsp;<\/p>","protected":false},"author":1,"featured_media":2102,"parent":0,"menu_order":0,"comment_status":"closed","ping_status":"closed","template":"","meta":{"inline_featured_image":false,"footnotes":""},"acf":[],"yoast_head":"<!-- This site is optimized with the Yoast SEO plugin v22.2 - https:\/\/yoast.com\/wordpress\/plugins\/seo\/ -->\n<title>Vje\u017ebali\u0161te na otvorenom - Marjan<\/title>\n<meta name=\"robots\" content=\"index, follow, max-snippet:-1, max-image-preview:large, max-video-preview:-1\" \/>\n<link rel=\"canonical\" href=\"https:\/\/www.visitmarjan.com\/en\/vjezbaliste-na-otvorenom\/\" \/>\n<meta property=\"og:locale\" content=\"en_GB\" \/>\n<meta property=\"og:type\" content=\"article\" \/>\n<meta property=\"og:title\" content=\"Vje\u017ebali\u0161te na otvorenom - Marjan\" \/>\n<meta property=\"og:description\" content=\"Vje\u017ebali\u0161te na otvorenom povr\u0161ine je cca 125 m2, a na istu povr\u0161inu postavljen je sloj za vje\u017ebanje i odgovaraju\u0107a oprema. Jedna od osnovnih skupina posjetitelja u park-\u0161umi su rekreativci, a provedba ove projektne aktivnosti imala je za cilj uvo\u0111enje dodatnog sadr\u017eaja za tu interesnu skupinu. &nbsp;\" \/>\n<meta property=\"og:url\" content=\"https:\/\/www.visitmarjan.com\/en\/vjezbaliste-na-otvorenom\/\" \/>\n<meta property=\"og:site_name\" content=\"Marjan\" \/>\n<meta property=\"article:modified_time\" content=\"2021-12-08T12:09:36+00:00\" \/>\n<meta property=\"og:image\" content=\"https:\/\/www.visitmarjan.com\/wp-content\/uploads\/2021\/12\/vjezbaliste-na-otvorenom-4-e1638889412124.jpg\" \/>\n\t<meta property=\"og:image:width\" content=\"2048\" \/>\n\t<meta property=\"og:image:height\" content=\"885\" \/>\n\t<meta property=\"og:image:type\" content=\"image\/jpeg\" \/>\n<meta name=\"twitter:card\" content=\"summary_large_image\" \/>\n<script type=\"application\/ld+json\" class=\"yoast-schema-graph\">{\"@context\":\"https:\/\/schema.org\",\"@graph\":[{\"@type\":\"WebPage\",\"@id\":\"https:\/\/www.visitmarjan.com\/vjezbaliste-na-otvorenom\/\",\"url\":\"https:\/\/www.visitmarjan.com\/vjezbaliste-na-otvorenom\/\",\"name\":\"Vje\u017ebali\u0161te na otvorenom - Marjan\",\"isPartOf\":{\"@id\":\"https:\/\/www.visitmarjan.com\/#website\"},\"primaryImageOfPage\":{\"@id\":\"https:\/\/www.visitmarjan.com\/vjezbaliste-na-otvorenom\/#primaryimage\"},\"image\":{\"@id\":\"https:\/\/www.visitmarjan.com\/vjezbaliste-na-otvorenom\/#primaryimage\"},\"thumbnailUrl\":\"https:\/\/www.visitmarjan.com\/wp-content\/uploads\/2021\/12\/vjezbaliste-na-otvorenom-4-e1638889412124.jpg\",\"datePublished\":\"2021-12-07T15:00:44+00:00\",\"dateModified\":\"2021-12-08T12:09:36+00:00\",\"breadcrumb\":{\"@id\":\"https:\/\/www.visitmarjan.com\/vjezbaliste-na-otvorenom\/#breadcrumb\"},\"inLanguage\":\"en-GB\",\"potentialAction\":[{\"@type\":\"ReadAction\",\"target\":[\"https:\/\/www.visitmarjan.com\/vjezbaliste-na-otvorenom\/\"]}]},{\"@type\":\"ImageObject\",\"inLanguage\":\"en-GB\",\"@id\":\"https:\/\/www.visitmarjan.com\/vjezbaliste-na-otvorenom\/#primaryimage\",\"url\":\"https:\/\/www.visitmarjan.com\/wp-content\/uploads\/2021\/12\/vjezbaliste-na-otvorenom-4-e1638889412124.jpg\",\"contentUrl\":\"https:\/\/www.visitmarjan.com\/wp-content\/uploads\/2021\/12\/vjezbaliste-na-otvorenom-4-e1638889412124.jpg\",\"width\":2048,\"height\":885,\"caption\":\"vje\u017ebali\u0161te na otvorenom 1\"},{\"@type\":\"BreadcrumbList\",\"@id\":\"https:\/\/www.visitmarjan.com\/vjezbaliste-na-otvorenom\/#breadcrumb\",\"itemListElement\":[{\"@type\":\"ListItem\",\"position\":1,\"name\":\"Home\",\"item\":\"https:\/\/www.visitmarjan.com\/\"},{\"@type\":\"ListItem\",\"position\":2,\"name\":\"Vje\u017ebali\u0161te na otvorenom\"}]},{\"@type\":\"WebSite\",\"@id\":\"https:\/\/www.visitmarjan.com\/#website\",\"url\":\"https:\/\/www.visitmarjan.com\/\",\"name\":\"Marjan\",\"description\":\"\",\"potentialAction\":[{\"@type\":\"SearchAction\",\"target\":{\"@type\":\"EntryPoint\",\"urlTemplate\":\"https:\/\/www.visitmarjan.com\/?s={search_term_string}\"},\"query-input\":\"required name=search_term_string\"}],\"inLanguage\":\"en-GB\"}]}<\/script>\n<!-- \/ Yoast SEO plugin. -->","yoast_head_json":{"title":"Vje\u017ebali\u0161te na otvorenom - Marjan","robots":{"index":"index","follow":"follow","max-snippet":"max-snippet:-1","max-image-preview":"max-image-preview:large","max-video-preview":"max-video-preview:-1"},"canonical":"https:\/\/www.visitmarjan.com\/en\/vjezbaliste-na-otvorenom\/","og_locale":"en_GB","og_type":"article","og_title":"Vje\u017ebali\u0161te na otvorenom - Marjan","og_description":"Vje\u017ebali\u0161te na otvorenom povr\u0161ine je cca 125 m2, a na istu povr\u0161inu postavljen je sloj za vje\u017ebanje i odgovaraju\u0107a oprema. Jedna od osnovnih skupina posjetitelja u park-\u0161umi su rekreativci, a provedba ove projektne aktivnosti imala je za cilj uvo\u0111enje dodatnog sadr\u017eaja za tu interesnu skupinu. &nbsp;","og_url":"https:\/\/www.visitmarjan.com\/en\/vjezbaliste-na-otvorenom\/","og_site_name":"Marjan","article_modified_time":"2021-12-08T12:09:36+00:00","og_image":[{"width":2048,"height":885,"url":"https:\/\/www.visitmarjan.com\/wp-content\/uploads\/2021\/12\/vjezbaliste-na-otvorenom-4-e1638889412124.jpg","type":"image\/jpeg"}],"twitter_card":"summary_large_image","schema":{"@context":"https:\/\/schema.org","@graph":[{"@type":"WebPage","@id":"https:\/\/www.visitmarjan.com\/vjezbaliste-na-otvorenom\/","url":"https:\/\/www.visitmarjan.com\/vjezbaliste-na-otvorenom\/","name":"Vje\u017ebali\u0161te na otvorenom - Marjan","isPartOf":{"@id":"https:\/\/www.visitmarjan.com\/#website"},"primaryImageOfPage":{"@id":"https:\/\/www.visitmarjan.com\/vjezbaliste-na-otvorenom\/#primaryimage"},"image":{"@id":"https:\/\/www.visitmarjan.com\/vjezbaliste-na-otvorenom\/#primaryimage"},"thumbnailUrl":"https:\/\/www.visitmarjan.com\/wp-content\/uploads\/2021\/12\/vjezbaliste-na-otvorenom-4-e1638889412124.jpg","datePublished":"2021-12-07T15:00:44+00:00","dateModified":"2021-12-08T12:09:36+00:00","breadcrumb":{"@id":"https:\/\/www.visitmarjan.com\/vjezbaliste-na-otvorenom\/#breadcrumb"},"inLanguage":"en-GB","potentialAction":[{"@type":"ReadAction","target":["https:\/\/www.visitmarjan.com\/vjezbaliste-na-otvorenom\/"]}]},{"@type":"ImageObject","inLanguage":"en-GB","@id":"https:\/\/www.visitmarjan.com\/vjezbaliste-na-otvorenom\/#primaryimage","url":"https:\/\/www.visitmarjan.com\/wp-content\/uploads\/2021\/12\/vjezbaliste-na-otvorenom-4-e1638889412124.jpg","contentUrl":"https:\/\/www.visitmarjan.com\/wp-content\/uploads\/2021\/12\/vjezbaliste-na-otvorenom-4-e1638889412124.jpg","width":2048,"height":885,"caption":"vje\u017ebali\u0161te na otvorenom 1"},{"@type":"BreadcrumbList","@id":"https:\/\/www.visitmarjan.com\/vjezbaliste-na-otvorenom\/#breadcrumb","itemListElement":[{"@type":"ListItem","position":1,"name":"Home","item":"https:\/\/www.visitmarjan.com\/"},{"@type":"ListItem","position":2,"name":"Vje\u017ebali\u0161te na otvorenom"}]},{"@type":"WebSite","@id":"https:\/\/www.visitmarjan.com\/#website","url":"https:\/\/www.visitmarjan.com\/","name":"Marjan","description":"","potentialAction":[{"@type":"SearchAction","target":{"@type":"EntryPoint","urlTemplate":"https:\/\/www.visitmarjan.com\/?s={search_term_string}"},"query-input":"required name=search_term_string"}],"inLanguage":"en-GB"}]}},"_links":{"self":[{"href":"https:\/\/www.visitmarjan.com\/en\/wp-json\/wp\/v2\/pages\/2100"}],"collection":[{"href":"https:\/\/www.visitmarjan.com\/en\/wp-json\/wp\/v2\/pages"}],"about":[{"href":"https:\/\/www.visitmarjan.com\/en\/wp-json\/wp\/v2\/types\/page"}],"author":[{"embeddable":true,"href":"https:\/\/www.visitmarjan.com\/en\/wp-json\/wp\/v2\/users\/1"}],"replies":[{"embeddable":true,"href":"https:\/\/www.visitmarjan.com\/en\/wp-json\/wp\/v2\/comments?post=2100"}],"version-history":[{"count":11,"href":"https:\/\/www.visitmarjan.com\/en\/wp-json\/wp\/v2\/pages\/2100\/revisions"}],"predecessor-version":[{"id":2296,"href":"https:\/\/www.visitmarjan.com\/en\/wp-json\/wp\/v2\/pages\/2100\/revisions\/2296"}],"wp:featuredmedia":[{"embeddable":true,"href":"https:\/\/www.visitmarjan.com\/en\/wp-json\/wp\/v2\/media\/2102"}],"wp:attachment":[{"href":"https:\/\/www.visitmarjan.com\/en\/wp-json\/wp\/v2\/media?parent=2100"}],"curies":[{"name":"wp","href":"https:\/\/api.w.org\/{rel}","templated":true}]}}