{"id":4083,"date":"2021-12-20T09:46:56","date_gmt":"2021-12-20T08:46:56","guid":{"rendered":"https:\/\/www.visitmarjan.com\/?page_id=4083"},"modified":"2022-10-03T13:36:14","modified_gmt":"2022-10-03T11:36:14","slug":"centar-za-posjetitelje","status":"publish","type":"page","link":"https:\/\/www.visitmarjan.com\/en\/centar-za-posjetitelje\/","title":{"rendered":"Centar za posjetitelje"},"content":{"rendered":"<p class=\"odlomak\" style=\"margin-left: 128px; margin-bottom: 30px; margin-right: 335px;\">Na Trumbi\u0107evoj obali smje\u0161ten je Centar za posjetitelje Javne ustanove za upravljanje Park-\u0161umom Marjan. Centar je otvoren tijekom 2020. godine, a zami\u0161ljen je kao to\u010dka upoznavanja s Park-\u0161umom Marjan za doma\u0107e i strane posjetitelje.<\/p>\n<p class=\"odlomak\" style=\"margin-left: 128px; margin-bottom: 30px; margin-right: 335px;\">Ciljevi djelovanja Centra su promoviranje kulturne i prirodne ba\u0161tine P\u0160M, \u0161to bolja informiranost posjetitelja o ekolo\u0161koj edukaciji i o pravilima pona\u0161anja u za\u0161ti\u0107enom podru\u010dju prirode, pru\u017eanje informacija o zna\u010dajnim lokacijama i posjetiteljskim programima u P\u0160M,\u00a0 te o prodajnom asortimanu samog Centra kao \u0161to su suveniri, vodi\u010di i karte Marjana.<\/p>","protected":false},"excerpt":{"rendered":"<p>Na Trumbi\u0107evoj obali smje\u0161ten je Centar za posjetitelje Javne ustanove za upravljanje Park-\u0161umom Marjan. Centar je otvoren tijekom 2020. godine, a zami\u0161ljen je kao to\u010dka upoznavanja s Park-\u0161umom Marjan za doma\u0107e i strane posjetitelje. Ciljevi djelovanja Centra su promoviranje kulturne i prirodne ba\u0161tine P\u0160M, \u0161to bolja informiranost posjetitelja o ekolo\u0161koj edukaciji i o pravilima pona\u0161anja [&hellip;]<\/p>","protected":false},"author":1,"featured_media":4084,"parent":0,"menu_order":0,"comment_status":"closed","ping_status":"closed","template":"","meta":{"inline_featured_image":false,"footnotes":""},"acf":[],"yoast_head":"<!-- This site is optimized with the Yoast SEO plugin v22.2 - https:\/\/yoast.com\/wordpress\/plugins\/seo\/ -->\n<title>Centar za posjetitelje - Marjan<\/title>\n<meta name=\"robots\" content=\"index, follow, max-snippet:-1, max-image-preview:large, max-video-preview:-1\" \/>\n<link rel=\"canonical\" href=\"https:\/\/www.visitmarjan.com\/en\/centar-za-posjetitelje\/\" \/>\n<meta property=\"og:locale\" content=\"en_GB\" \/>\n<meta property=\"og:type\" content=\"article\" \/>\n<meta property=\"og:title\" content=\"Centar za posjetitelje - Marjan\" \/>\n<meta property=\"og:description\" content=\"Na Trumbi\u0107evoj obali smje\u0161ten je Centar za posjetitelje Javne ustanove za upravljanje Park-\u0161umom Marjan. Centar je otvoren tijekom 2020. godine, a zami\u0161ljen je kao to\u010dka upoznavanja s Park-\u0161umom Marjan za doma\u0107e i strane posjetitelje. Ciljevi djelovanja Centra su promoviranje kulturne i prirodne ba\u0161tine P\u0160M, \u0161to bolja informiranost posjetitelja o ekolo\u0161koj edukaciji i o pravilima pona\u0161anja [&hellip;]\" \/>\n<meta property=\"og:url\" content=\"https:\/\/www.visitmarjan.com\/en\/centar-za-posjetitelje\/\" \/>\n<meta property=\"og:site_name\" content=\"Marjan\" \/>\n<meta property=\"article:modified_time\" content=\"2022-10-03T11:36:14+00:00\" \/>\n<meta property=\"og:image\" content=\"https:\/\/www.visitmarjan.com\/wp-content\/uploads\/2021\/12\/image115-min.jpg\" \/>\n\t<meta property=\"og:image:width\" content=\"2048\" \/>\n\t<meta property=\"og:image:height\" content=\"1344\" \/>\n\t<meta property=\"og:image:type\" content=\"image\/jpeg\" \/>\n<meta name=\"twitter:card\" content=\"summary_large_image\" \/>\n<meta name=\"twitter:label1\" content=\"Estimated reading time\" \/>\n\t<meta name=\"twitter:data1\" content=\"1 minute\" \/>\n<script type=\"application\/ld+json\" class=\"yoast-schema-graph\">{\"@context\":\"https:\/\/schema.org\",\"@graph\":[{\"@type\":\"WebPage\",\"@id\":\"https:\/\/www.visitmarjan.com\/centar-za-posjetitelje\/\",\"url\":\"https:\/\/www.visitmarjan.com\/centar-za-posjetitelje\/\",\"name\":\"Centar za posjetitelje - Marjan\",\"isPartOf\":{\"@id\":\"https:\/\/www.visitmarjan.com\/#website\"},\"primaryImageOfPage\":{\"@id\":\"https:\/\/www.visitmarjan.com\/centar-za-posjetitelje\/#primaryimage\"},\"image\":{\"@id\":\"https:\/\/www.visitmarjan.com\/centar-za-posjetitelje\/#primaryimage\"},\"thumbnailUrl\":\"https:\/\/www.visitmarjan.com\/wp-content\/uploads\/2021\/12\/image115-min.jpg\",\"datePublished\":\"2021-12-20T08:46:56+00:00\",\"dateModified\":\"2022-10-03T11:36:14+00:00\",\"breadcrumb\":{\"@id\":\"https:\/\/www.visitmarjan.com\/centar-za-posjetitelje\/#breadcrumb\"},\"inLanguage\":\"en-GB\",\"potentialAction\":[{\"@type\":\"ReadAction\",\"target\":[\"https:\/\/www.visitmarjan.com\/centar-za-posjetitelje\/\"]}]},{\"@type\":\"ImageObject\",\"inLanguage\":\"en-GB\",\"@id\":\"https:\/\/www.visitmarjan.com\/centar-za-posjetitelje\/#primaryimage\",\"url\":\"https:\/\/www.visitmarjan.com\/wp-content\/uploads\/2021\/12\/image115-min.jpg\",\"contentUrl\":\"https:\/\/www.visitmarjan.com\/wp-content\/uploads\/2021\/12\/image115-min.jpg\",\"width\":2048,\"height\":1344,\"caption\":\"centar za posjetitelje\"},{\"@type\":\"BreadcrumbList\",\"@id\":\"https:\/\/www.visitmarjan.com\/centar-za-posjetitelje\/#breadcrumb\",\"itemListElement\":[{\"@type\":\"ListItem\",\"position\":1,\"name\":\"Home\",\"item\":\"https:\/\/www.visitmarjan.com\/\"},{\"@type\":\"ListItem\",\"position\":2,\"name\":\"Centar za posjetitelje\"}]},{\"@type\":\"WebSite\",\"@id\":\"https:\/\/www.visitmarjan.com\/#website\",\"url\":\"https:\/\/www.visitmarjan.com\/\",\"name\":\"Marjan\",\"description\":\"\",\"potentialAction\":[{\"@type\":\"SearchAction\",\"target\":{\"@type\":\"EntryPoint\",\"urlTemplate\":\"https:\/\/www.visitmarjan.com\/?s={search_term_string}\"},\"query-input\":\"required name=search_term_string\"}],\"inLanguage\":\"en-GB\"}]}<\/script>\n<!-- \/ Yoast SEO plugin. -->","yoast_head_json":{"title":"Centar za posjetitelje - Marjan","robots":{"index":"index","follow":"follow","max-snippet":"max-snippet:-1","max-image-preview":"max-image-preview:large","max-video-preview":"max-video-preview:-1"},"canonical":"https:\/\/www.visitmarjan.com\/en\/centar-za-posjetitelje\/","og_locale":"en_GB","og_type":"article","og_title":"Centar za posjetitelje - Marjan","og_description":"Na Trumbi\u0107evoj obali smje\u0161ten je Centar za posjetitelje Javne ustanove za upravljanje Park-\u0161umom Marjan. Centar je otvoren tijekom 2020. godine, a zami\u0161ljen je kao to\u010dka upoznavanja s Park-\u0161umom Marjan za doma\u0107e i strane posjetitelje. Ciljevi djelovanja Centra su promoviranje kulturne i prirodne ba\u0161tine P\u0160M, \u0161to bolja informiranost posjetitelja o ekolo\u0161koj edukaciji i o pravilima pona\u0161anja [&hellip;]","og_url":"https:\/\/www.visitmarjan.com\/en\/centar-za-posjetitelje\/","og_site_name":"Marjan","article_modified_time":"2022-10-03T11:36:14+00:00","og_image":[{"width":2048,"height":1344,"url":"https:\/\/www.visitmarjan.com\/wp-content\/uploads\/2021\/12\/image115-min.jpg","type":"image\/jpeg"}],"twitter_card":"summary_large_image","twitter_misc":{"Estimated reading time":"1 minute"},"schema":{"@context":"https:\/\/schema.org","@graph":[{"@type":"WebPage","@id":"https:\/\/www.visitmarjan.com\/centar-za-posjetitelje\/","url":"https:\/\/www.visitmarjan.com\/centar-za-posjetitelje\/","name":"Centar za posjetitelje - Marjan","isPartOf":{"@id":"https:\/\/www.visitmarjan.com\/#website"},"primaryImageOfPage":{"@id":"https:\/\/www.visitmarjan.com\/centar-za-posjetitelje\/#primaryimage"},"image":{"@id":"https:\/\/www.visitmarjan.com\/centar-za-posjetitelje\/#primaryimage"},"thumbnailUrl":"https:\/\/www.visitmarjan.com\/wp-content\/uploads\/2021\/12\/image115-min.jpg","datePublished":"2021-12-20T08:46:56+00:00","dateModified":"2022-10-03T11:36:14+00:00","breadcrumb":{"@id":"https:\/\/www.visitmarjan.com\/centar-za-posjetitelje\/#breadcrumb"},"inLanguage":"en-GB","potentialAction":[{"@type":"ReadAction","target":["https:\/\/www.visitmarjan.com\/centar-za-posjetitelje\/"]}]},{"@type":"ImageObject","inLanguage":"en-GB","@id":"https:\/\/www.visitmarjan.com\/centar-za-posjetitelje\/#primaryimage","url":"https:\/\/www.visitmarjan.com\/wp-content\/uploads\/2021\/12\/image115-min.jpg","contentUrl":"https:\/\/www.visitmarjan.com\/wp-content\/uploads\/2021\/12\/image115-min.jpg","width":2048,"height":1344,"caption":"centar za posjetitelje"},{"@type":"BreadcrumbList","@id":"https:\/\/www.visitmarjan.com\/centar-za-posjetitelje\/#breadcrumb","itemListElement":[{"@type":"ListItem","position":1,"name":"Home","item":"https:\/\/www.visitmarjan.com\/"},{"@type":"ListItem","position":2,"name":"Centar za posjetitelje"}]},{"@type":"WebSite","@id":"https:\/\/www.visitmarjan.com\/#website","url":"https:\/\/www.visitmarjan.com\/","name":"Marjan","description":"","potentialAction":[{"@type":"SearchAction","target":{"@type":"EntryPoint","urlTemplate":"https:\/\/www.visitmarjan.com\/?s={search_term_string}"},"query-input":"required name=search_term_string"}],"inLanguage":"en-GB"}]}},"_links":{"self":[{"href":"https:\/\/www.visitmarjan.com\/en\/wp-json\/wp\/v2\/pages\/4083"}],"collection":[{"href":"https:\/\/www.visitmarjan.com\/en\/wp-json\/wp\/v2\/pages"}],"about":[{"href":"https:\/\/www.visitmarjan.com\/en\/wp-json\/wp\/v2\/types\/page"}],"author":[{"embeddable":true,"href":"https:\/\/www.visitmarjan.com\/en\/wp-json\/wp\/v2\/users\/1"}],"replies":[{"embeddable":true,"href":"https:\/\/www.visitmarjan.com\/en\/wp-json\/wp\/v2\/comments?post=4083"}],"version-history":[{"count":3,"href":"https:\/\/www.visitmarjan.com\/en\/wp-json\/wp\/v2\/pages\/4083\/revisions"}],"predecessor-version":[{"id":4087,"href":"https:\/\/www.visitmarjan.com\/en\/wp-json\/wp\/v2\/pages\/4083\/revisions\/4087"}],"wp:featuredmedia":[{"embeddable":true,"href":"https:\/\/www.visitmarjan.com\/en\/wp-json\/wp\/v2\/media\/4084"}],"wp:attachment":[{"href":"https:\/\/www.visitmarjan.com\/en\/wp-json\/wp\/v2\/media?parent=4083"}],"curies":[{"name":"wp","href":"https:\/\/api.w.org\/{rel}","templated":true}]}}