{"id":4121,"date":"2021-12-20T10:33:25","date_gmt":"2021-12-20T09:33:25","guid":{"rendered":"https:\/\/www.visitmarjan.com\/?page_id=4121"},"modified":"2023-03-15T09:32:19","modified_gmt":"2023-03-15T08:32:19","slug":"djecji-grad","status":"publish","type":"page","link":"https:\/\/www.visitmarjan.com\/en\/djecji-grad\/","title":{"rendered":"Children's City"},"content":{"rendered":"<p class=\"odlomak\" style=\"margin-left: 128px; margin-bottom: 30px; margin-right: 335px;\">The Children's City is located on a plateau near the First Peak of Marjan, at the intersection of several hiking routes, and is one of the most popular destinations in Marjan.<\/p>\n<p class=\"odlomak\" style=\"margin-left: 128px; margin-bottom: 30px; margin-right: 335px;\">As part of the Children's City initiative, the auditorium, open-air stage, paths, and plateau were repaired. Moreover, communal equipment was installed, and existing didactic toys intended for kindergarten and preschool children were renewed.<\/p>\n<p class=\"odlomak\" style=\"margin-left: 128px; margin-bottom: 100px; margin-right: 335px;\">Many educational programs conducted by the Public Institution for Marjan Forest Park Management culminate here, providing children with opportunities to participate in workshops, rest, and play.<\/p>\n<p>&nbsp;<\/p>\n\n<p>&nbsp;<\/p>","protected":false},"excerpt":{"rendered":"<p>Dje\u010dji grad smje\u0161ten je na platou u blizini Prvog vrha Marjana, na kri\u017eanju vi\u0161e pje\u0161a\u010dkih pravaca, a jedno je od najpoznatijih odredi\u0161ta na Marjanu. U sklopu Dje\u010djeg grada sanirano je gledali\u0161te, pozornica na otvorenom, popravljene staze i plato, postavljena komunalna oprema i obnovljene postoje\u0107e didakti\u010dke igra\u010dke namijenjene djeci vrti\u0107ke i pred\u0161kolske dobi. Brojni edukativni programi [&hellip;]<\/p>","protected":false},"author":1,"featured_media":5137,"parent":0,"menu_order":0,"comment_status":"closed","ping_status":"closed","template":"","meta":{"inline_featured_image":false,"footnotes":""},"acf":[],"yoast_head":"<!-- This site is optimized with the Yoast SEO plugin v22.2 - https:\/\/yoast.com\/wordpress\/plugins\/seo\/ -->\n<title>Dje\u010dji grad - Marjan<\/title>\n<meta name=\"robots\" content=\"index, follow, max-snippet:-1, max-image-preview:large, max-video-preview:-1\" \/>\n<link rel=\"canonical\" href=\"https:\/\/www.visitmarjan.com\/en\/djecji-grad\/\" \/>\n<meta property=\"og:locale\" content=\"en_GB\" \/>\n<meta property=\"og:type\" content=\"article\" \/>\n<meta property=\"og:title\" content=\"Dje\u010dji grad - Marjan\" \/>\n<meta property=\"og:description\" content=\"Dje\u010dji grad smje\u0161ten je na platou u blizini Prvog vrha Marjana, na kri\u017eanju vi\u0161e pje\u0161a\u010dkih pravaca, a jedno je od najpoznatijih odredi\u0161ta na Marjanu. U sklopu Dje\u010djeg grada sanirano je gledali\u0161te, pozornica na otvorenom, popravljene staze i plato, postavljena komunalna oprema i obnovljene postoje\u0107e didakti\u010dke igra\u010dke namijenjene djeci vrti\u0107ke i pred\u0161kolske dobi. Brojni edukativni programi [&hellip;]\" \/>\n<meta property=\"og:url\" content=\"https:\/\/www.visitmarjan.com\/en\/djecji-grad\/\" \/>\n<meta property=\"og:site_name\" content=\"Marjan\" \/>\n<meta property=\"article:modified_time\" content=\"2023-03-15T08:32:19+00:00\" \/>\n<meta property=\"og:image\" content=\"https:\/\/www.visitmarjan.com\/wp-content\/uploads\/2023\/03\/AD-20-min-scaled.jpg\" \/>\n\t<meta property=\"og:image:width\" content=\"2560\" \/>\n\t<meta property=\"og:image:height\" content=\"1707\" \/>\n\t<meta property=\"og:image:type\" content=\"image\/jpeg\" \/>\n<meta name=\"twitter:card\" content=\"summary_large_image\" \/>\n<script type=\"application\/ld+json\" class=\"yoast-schema-graph\">{\"@context\":\"https:\/\/schema.org\",\"@graph\":[{\"@type\":\"WebPage\",\"@id\":\"https:\/\/www.visitmarjan.com\/djecji-grad\/\",\"url\":\"https:\/\/www.visitmarjan.com\/djecji-grad\/\",\"name\":\"Dje\u010dji grad - Marjan\",\"isPartOf\":{\"@id\":\"https:\/\/www.visitmarjan.com\/#website\"},\"primaryImageOfPage\":{\"@id\":\"https:\/\/www.visitmarjan.com\/djecji-grad\/#primaryimage\"},\"image\":{\"@id\":\"https:\/\/www.visitmarjan.com\/djecji-grad\/#primaryimage\"},\"thumbnailUrl\":\"https:\/\/www.visitmarjan.com\/wp-content\/uploads\/2023\/03\/AD-20-min-scaled.jpg\",\"datePublished\":\"2021-12-20T09:33:25+00:00\",\"dateModified\":\"2023-03-15T08:32:19+00:00\",\"breadcrumb\":{\"@id\":\"https:\/\/www.visitmarjan.com\/djecji-grad\/#breadcrumb\"},\"inLanguage\":\"en-GB\",\"potentialAction\":[{\"@type\":\"ReadAction\",\"target\":[\"https:\/\/www.visitmarjan.com\/djecji-grad\/\"]}]},{\"@type\":\"ImageObject\",\"inLanguage\":\"en-GB\",\"@id\":\"https:\/\/www.visitmarjan.com\/djecji-grad\/#primaryimage\",\"url\":\"https:\/\/www.visitmarjan.com\/wp-content\/uploads\/2023\/03\/AD-20-min-scaled.jpg\",\"contentUrl\":\"https:\/\/www.visitmarjan.com\/wp-content\/uploads\/2023\/03\/AD-20-min-scaled.jpg\",\"width\":2560,\"height\":1707},{\"@type\":\"BreadcrumbList\",\"@id\":\"https:\/\/www.visitmarjan.com\/djecji-grad\/#breadcrumb\",\"itemListElement\":[{\"@type\":\"ListItem\",\"position\":1,\"name\":\"Home\",\"item\":\"https:\/\/www.visitmarjan.com\/\"},{\"@type\":\"ListItem\",\"position\":2,\"name\":\"Dje\u010dji grad\"}]},{\"@type\":\"WebSite\",\"@id\":\"https:\/\/www.visitmarjan.com\/#website\",\"url\":\"https:\/\/www.visitmarjan.com\/\",\"name\":\"Marjan\",\"description\":\"\",\"potentialAction\":[{\"@type\":\"SearchAction\",\"target\":{\"@type\":\"EntryPoint\",\"urlTemplate\":\"https:\/\/www.visitmarjan.com\/?s={search_term_string}\"},\"query-input\":\"required name=search_term_string\"}],\"inLanguage\":\"en-GB\"}]}<\/script>\n<!-- \/ Yoast SEO plugin. -->","yoast_head_json":{"title":"Dje\u010dji grad - Marjan","robots":{"index":"index","follow":"follow","max-snippet":"max-snippet:-1","max-image-preview":"max-image-preview:large","max-video-preview":"max-video-preview:-1"},"canonical":"https:\/\/www.visitmarjan.com\/en\/djecji-grad\/","og_locale":"en_GB","og_type":"article","og_title":"Dje\u010dji grad - Marjan","og_description":"Dje\u010dji grad smje\u0161ten je na platou u blizini Prvog vrha Marjana, na kri\u017eanju vi\u0161e pje\u0161a\u010dkih pravaca, a jedno je od najpoznatijih odredi\u0161ta na Marjanu. U sklopu Dje\u010djeg grada sanirano je gledali\u0161te, pozornica na otvorenom, popravljene staze i plato, postavljena komunalna oprema i obnovljene postoje\u0107e didakti\u010dke igra\u010dke namijenjene djeci vrti\u0107ke i pred\u0161kolske dobi. Brojni edukativni programi [&hellip;]","og_url":"https:\/\/www.visitmarjan.com\/en\/djecji-grad\/","og_site_name":"Marjan","article_modified_time":"2023-03-15T08:32:19+00:00","og_image":[{"width":2560,"height":1707,"url":"https:\/\/www.visitmarjan.com\/wp-content\/uploads\/2023\/03\/AD-20-min-scaled.jpg","type":"image\/jpeg"}],"twitter_card":"summary_large_image","schema":{"@context":"https:\/\/schema.org","@graph":[{"@type":"WebPage","@id":"https:\/\/www.visitmarjan.com\/djecji-grad\/","url":"https:\/\/www.visitmarjan.com\/djecji-grad\/","name":"Dje\u010dji grad - Marjan","isPartOf":{"@id":"https:\/\/www.visitmarjan.com\/#website"},"primaryImageOfPage":{"@id":"https:\/\/www.visitmarjan.com\/djecji-grad\/#primaryimage"},"image":{"@id":"https:\/\/www.visitmarjan.com\/djecji-grad\/#primaryimage"},"thumbnailUrl":"https:\/\/www.visitmarjan.com\/wp-content\/uploads\/2023\/03\/AD-20-min-scaled.jpg","datePublished":"2021-12-20T09:33:25+00:00","dateModified":"2023-03-15T08:32:19+00:00","breadcrumb":{"@id":"https:\/\/www.visitmarjan.com\/djecji-grad\/#breadcrumb"},"inLanguage":"en-GB","potentialAction":[{"@type":"ReadAction","target":["https:\/\/www.visitmarjan.com\/djecji-grad\/"]}]},{"@type":"ImageObject","inLanguage":"en-GB","@id":"https:\/\/www.visitmarjan.com\/djecji-grad\/#primaryimage","url":"https:\/\/www.visitmarjan.com\/wp-content\/uploads\/2023\/03\/AD-20-min-scaled.jpg","contentUrl":"https:\/\/www.visitmarjan.com\/wp-content\/uploads\/2023\/03\/AD-20-min-scaled.jpg","width":2560,"height":1707},{"@type":"BreadcrumbList","@id":"https:\/\/www.visitmarjan.com\/djecji-grad\/#breadcrumb","itemListElement":[{"@type":"ListItem","position":1,"name":"Home","item":"https:\/\/www.visitmarjan.com\/"},{"@type":"ListItem","position":2,"name":"Dje\u010dji grad"}]},{"@type":"WebSite","@id":"https:\/\/www.visitmarjan.com\/#website","url":"https:\/\/www.visitmarjan.com\/","name":"Marjan","description":"","potentialAction":[{"@type":"SearchAction","target":{"@type":"EntryPoint","urlTemplate":"https:\/\/www.visitmarjan.com\/?s={search_term_string}"},"query-input":"required name=search_term_string"}],"inLanguage":"en-GB"}]}},"_links":{"self":[{"href":"https:\/\/www.visitmarjan.com\/en\/wp-json\/wp\/v2\/pages\/4121"}],"collection":[{"href":"https:\/\/www.visitmarjan.com\/en\/wp-json\/wp\/v2\/pages"}],"about":[{"href":"https:\/\/www.visitmarjan.com\/en\/wp-json\/wp\/v2\/types\/page"}],"author":[{"embeddable":true,"href":"https:\/\/www.visitmarjan.com\/en\/wp-json\/wp\/v2\/users\/1"}],"replies":[{"embeddable":true,"href":"https:\/\/www.visitmarjan.com\/en\/wp-json\/wp\/v2\/comments?post=4121"}],"version-history":[{"count":6,"href":"https:\/\/www.visitmarjan.com\/en\/wp-json\/wp\/v2\/pages\/4121\/revisions"}],"predecessor-version":[{"id":5139,"href":"https:\/\/www.visitmarjan.com\/en\/wp-json\/wp\/v2\/pages\/4121\/revisions\/5139"}],"wp:featuredmedia":[{"embeddable":true,"href":"https:\/\/www.visitmarjan.com\/en\/wp-json\/wp\/v2\/media\/5137"}],"wp:attachment":[{"href":"https:\/\/www.visitmarjan.com\/en\/wp-json\/wp\/v2\/media?parent=4121"}],"curies":[{"name":"wp","href":"https:\/\/api.w.org\/{rel}","templated":true}]}}