{"id":4128,"date":"2021-12-20T10:45:44","date_gmt":"2021-12-20T09:45:44","guid":{"rendered":"https:\/\/www.visitmarjan.com\/?page_id=4128"},"modified":"2023-03-15T09:27:55","modified_gmt":"2023-03-15T08:27:55","slug":"futsal-i-kosarkaski-teren","status":"publish","type":"page","link":"https:\/\/www.visitmarjan.com\/en\/futsal-i-kosarkaski-teren\/","title":{"rendered":"Futsal and basketball court"},"content":{"rendered":"<p class=\"odlomak\" style=\"margin-left: 128px; margin-bottom: 30px; margin-right: 335px;\">The renovation of sports facilities in Marjan forest park revitalized the visitor amenities, enhancing the tourist appeal and leading to an increase in the number of visitors. The improvements of the sports facilities are important especially because they are located in the immediate vicinity of the \u201cBruno Bu\u0161i\u0107\u201d student dormitory.<\/p>\n<p class=\"odlomak\" style=\"margin-left: 128px; margin-bottom: 100px; margin-right: 335px;\">Workshops on multifunctional kinesiological development were also conducted on these grounds, and the intention is to offer them on a regular basis, both here and in the forest park.<\/p>\n<p>&nbsp;<\/p>","protected":false},"excerpt":{"rendered":"<p>Obnovom sportskih sadr\u017eaja na Marjanu su se revitalizirali sadr\u017eaji za posjetitelje, \u0161to je doprinijelo pove\u0107anju pove\u0107anju turisti\u010dke atraktivnosti park-\u0161ume Marjan i rezultiralo pove\u0107anjem broja posjetitelja. Veoma je va\u017eno da se njihov na\u010din kori\u0161tenja unaprijedi pogotovo stoga \u0161to se nalazi u neposrednoj blizini studentskog doma \u201cBrune Bu\u0161i\u0107a\u201d. Na ovim terenima odr\u017eane su i radionice kineziolo\u0161kog multifunkcionalnog [&hellip;]<\/p>","protected":false},"author":1,"featured_media":5129,"parent":0,"menu_order":0,"comment_status":"closed","ping_status":"closed","template":"","meta":{"inline_featured_image":false,"footnotes":""},"acf":[],"yoast_head":"<!-- This site is optimized with the Yoast SEO plugin v22.2 - https:\/\/yoast.com\/wordpress\/plugins\/seo\/ -->\n<title>Futsal i ko\u0161arka\u0161ki teren - Marjan<\/title>\n<meta name=\"robots\" content=\"index, follow, max-snippet:-1, max-image-preview:large, max-video-preview:-1\" \/>\n<link rel=\"canonical\" href=\"https:\/\/www.visitmarjan.com\/en\/futsal-i-kosarkaski-teren\/\" \/>\n<meta property=\"og:locale\" content=\"en_GB\" \/>\n<meta property=\"og:type\" content=\"article\" \/>\n<meta property=\"og:title\" content=\"Futsal i ko\u0161arka\u0161ki teren - Marjan\" \/>\n<meta property=\"og:description\" content=\"Obnovom sportskih sadr\u017eaja na Marjanu su se revitalizirali sadr\u017eaji za posjetitelje, \u0161to je doprinijelo pove\u0107anju pove\u0107anju turisti\u010dke atraktivnosti park-\u0161ume Marjan i rezultiralo pove\u0107anjem broja posjetitelja. Veoma je va\u017eno da se njihov na\u010din kori\u0161tenja unaprijedi pogotovo stoga \u0161to se nalazi u neposrednoj blizini studentskog doma \u201cBrune Bu\u0161i\u0107a\u201d. Na ovim terenima odr\u017eane su i radionice kineziolo\u0161kog multifunkcionalnog [&hellip;]\" \/>\n<meta property=\"og:url\" content=\"https:\/\/www.visitmarjan.com\/en\/futsal-i-kosarkaski-teren\/\" \/>\n<meta property=\"og:site_name\" content=\"Marjan\" \/>\n<meta property=\"article:modified_time\" content=\"2023-03-15T08:27:55+00:00\" \/>\n<meta property=\"og:image\" content=\"https:\/\/www.visitmarjan.com\/wp-content\/uploads\/2023\/03\/AD-14-min.jpg\" \/>\n\t<meta property=\"og:image:width\" content=\"1620\" \/>\n\t<meta property=\"og:image:height\" content=\"1080\" \/>\n\t<meta property=\"og:image:type\" content=\"image\/jpeg\" \/>\n<meta name=\"twitter:card\" content=\"summary_large_image\" \/>\n<meta name=\"twitter:label1\" content=\"Estimated reading time\" \/>\n\t<meta name=\"twitter:data1\" content=\"1 minute\" \/>\n<script type=\"application\/ld+json\" class=\"yoast-schema-graph\">{\"@context\":\"https:\/\/schema.org\",\"@graph\":[{\"@type\":\"WebPage\",\"@id\":\"https:\/\/www.visitmarjan.com\/futsal-i-kosarkaski-teren\/\",\"url\":\"https:\/\/www.visitmarjan.com\/futsal-i-kosarkaski-teren\/\",\"name\":\"Futsal i ko\u0161arka\u0161ki teren - Marjan\",\"isPartOf\":{\"@id\":\"https:\/\/www.visitmarjan.com\/#website\"},\"primaryImageOfPage\":{\"@id\":\"https:\/\/www.visitmarjan.com\/futsal-i-kosarkaski-teren\/#primaryimage\"},\"image\":{\"@id\":\"https:\/\/www.visitmarjan.com\/futsal-i-kosarkaski-teren\/#primaryimage\"},\"thumbnailUrl\":\"https:\/\/www.visitmarjan.com\/wp-content\/uploads\/2023\/03\/AD-14-min.jpg\",\"datePublished\":\"2021-12-20T09:45:44+00:00\",\"dateModified\":\"2023-03-15T08:27:55+00:00\",\"breadcrumb\":{\"@id\":\"https:\/\/www.visitmarjan.com\/futsal-i-kosarkaski-teren\/#breadcrumb\"},\"inLanguage\":\"en-GB\",\"potentialAction\":[{\"@type\":\"ReadAction\",\"target\":[\"https:\/\/www.visitmarjan.com\/futsal-i-kosarkaski-teren\/\"]}]},{\"@type\":\"ImageObject\",\"inLanguage\":\"en-GB\",\"@id\":\"https:\/\/www.visitmarjan.com\/futsal-i-kosarkaski-teren\/#primaryimage\",\"url\":\"https:\/\/www.visitmarjan.com\/wp-content\/uploads\/2023\/03\/AD-14-min.jpg\",\"contentUrl\":\"https:\/\/www.visitmarjan.com\/wp-content\/uploads\/2023\/03\/AD-14-min.jpg\",\"width\":1620,\"height\":1080},{\"@type\":\"BreadcrumbList\",\"@id\":\"https:\/\/www.visitmarjan.com\/futsal-i-kosarkaski-teren\/#breadcrumb\",\"itemListElement\":[{\"@type\":\"ListItem\",\"position\":1,\"name\":\"Home\",\"item\":\"https:\/\/www.visitmarjan.com\/\"},{\"@type\":\"ListItem\",\"position\":2,\"name\":\"Futsal i ko\u0161arka\u0161ki teren\"}]},{\"@type\":\"WebSite\",\"@id\":\"https:\/\/www.visitmarjan.com\/#website\",\"url\":\"https:\/\/www.visitmarjan.com\/\",\"name\":\"Marjan\",\"description\":\"\",\"potentialAction\":[{\"@type\":\"SearchAction\",\"target\":{\"@type\":\"EntryPoint\",\"urlTemplate\":\"https:\/\/www.visitmarjan.com\/?s={search_term_string}\"},\"query-input\":\"required name=search_term_string\"}],\"inLanguage\":\"en-GB\"}]}<\/script>\n<!-- \/ Yoast SEO plugin. -->","yoast_head_json":{"title":"Futsal i ko\u0161arka\u0161ki teren - Marjan","robots":{"index":"index","follow":"follow","max-snippet":"max-snippet:-1","max-image-preview":"max-image-preview:large","max-video-preview":"max-video-preview:-1"},"canonical":"https:\/\/www.visitmarjan.com\/en\/futsal-i-kosarkaski-teren\/","og_locale":"en_GB","og_type":"article","og_title":"Futsal i ko\u0161arka\u0161ki teren - Marjan","og_description":"Obnovom sportskih sadr\u017eaja na Marjanu su se revitalizirali sadr\u017eaji za posjetitelje, \u0161to je doprinijelo pove\u0107anju pove\u0107anju turisti\u010dke atraktivnosti park-\u0161ume Marjan i rezultiralo pove\u0107anjem broja posjetitelja. Veoma je va\u017eno da se njihov na\u010din kori\u0161tenja unaprijedi pogotovo stoga \u0161to se nalazi u neposrednoj blizini studentskog doma \u201cBrune Bu\u0161i\u0107a\u201d. Na ovim terenima odr\u017eane su i radionice kineziolo\u0161kog multifunkcionalnog [&hellip;]","og_url":"https:\/\/www.visitmarjan.com\/en\/futsal-i-kosarkaski-teren\/","og_site_name":"Marjan","article_modified_time":"2023-03-15T08:27:55+00:00","og_image":[{"width":1620,"height":1080,"url":"https:\/\/www.visitmarjan.com\/wp-content\/uploads\/2023\/03\/AD-14-min.jpg","type":"image\/jpeg"}],"twitter_card":"summary_large_image","twitter_misc":{"Estimated reading time":"1 minute"},"schema":{"@context":"https:\/\/schema.org","@graph":[{"@type":"WebPage","@id":"https:\/\/www.visitmarjan.com\/futsal-i-kosarkaski-teren\/","url":"https:\/\/www.visitmarjan.com\/futsal-i-kosarkaski-teren\/","name":"Futsal i ko\u0161arka\u0161ki teren - Marjan","isPartOf":{"@id":"https:\/\/www.visitmarjan.com\/#website"},"primaryImageOfPage":{"@id":"https:\/\/www.visitmarjan.com\/futsal-i-kosarkaski-teren\/#primaryimage"},"image":{"@id":"https:\/\/www.visitmarjan.com\/futsal-i-kosarkaski-teren\/#primaryimage"},"thumbnailUrl":"https:\/\/www.visitmarjan.com\/wp-content\/uploads\/2023\/03\/AD-14-min.jpg","datePublished":"2021-12-20T09:45:44+00:00","dateModified":"2023-03-15T08:27:55+00:00","breadcrumb":{"@id":"https:\/\/www.visitmarjan.com\/futsal-i-kosarkaski-teren\/#breadcrumb"},"inLanguage":"en-GB","potentialAction":[{"@type":"ReadAction","target":["https:\/\/www.visitmarjan.com\/futsal-i-kosarkaski-teren\/"]}]},{"@type":"ImageObject","inLanguage":"en-GB","@id":"https:\/\/www.visitmarjan.com\/futsal-i-kosarkaski-teren\/#primaryimage","url":"https:\/\/www.visitmarjan.com\/wp-content\/uploads\/2023\/03\/AD-14-min.jpg","contentUrl":"https:\/\/www.visitmarjan.com\/wp-content\/uploads\/2023\/03\/AD-14-min.jpg","width":1620,"height":1080},{"@type":"BreadcrumbList","@id":"https:\/\/www.visitmarjan.com\/futsal-i-kosarkaski-teren\/#breadcrumb","itemListElement":[{"@type":"ListItem","position":1,"name":"Home","item":"https:\/\/www.visitmarjan.com\/"},{"@type":"ListItem","position":2,"name":"Futsal i ko\u0161arka\u0161ki teren"}]},{"@type":"WebSite","@id":"https:\/\/www.visitmarjan.com\/#website","url":"https:\/\/www.visitmarjan.com\/","name":"Marjan","description":"","potentialAction":[{"@type":"SearchAction","target":{"@type":"EntryPoint","urlTemplate":"https:\/\/www.visitmarjan.com\/?s={search_term_string}"},"query-input":"required name=search_term_string"}],"inLanguage":"en-GB"}]}},"_links":{"self":[{"href":"https:\/\/www.visitmarjan.com\/en\/wp-json\/wp\/v2\/pages\/4128"}],"collection":[{"href":"https:\/\/www.visitmarjan.com\/en\/wp-json\/wp\/v2\/pages"}],"about":[{"href":"https:\/\/www.visitmarjan.com\/en\/wp-json\/wp\/v2\/types\/page"}],"author":[{"embeddable":true,"href":"https:\/\/www.visitmarjan.com\/en\/wp-json\/wp\/v2\/users\/1"}],"replies":[{"embeddable":true,"href":"https:\/\/www.visitmarjan.com\/en\/wp-json\/wp\/v2\/comments?post=4128"}],"version-history":[{"count":7,"href":"https:\/\/www.visitmarjan.com\/en\/wp-json\/wp\/v2\/pages\/4128\/revisions"}],"predecessor-version":[{"id":5132,"href":"https:\/\/www.visitmarjan.com\/en\/wp-json\/wp\/v2\/pages\/4128\/revisions\/5132"}],"wp:featuredmedia":[{"embeddable":true,"href":"https:\/\/www.visitmarjan.com\/en\/wp-json\/wp\/v2\/media\/5129"}],"wp:attachment":[{"href":"https:\/\/www.visitmarjan.com\/en\/wp-json\/wp\/v2\/media?parent=4128"}],"curies":[{"name":"wp","href":"https:\/\/api.w.org\/{rel}","templated":true}]}}