{"id":4168,"date":"2021-12-20T11:37:07","date_gmt":"2021-12-20T10:37:07","guid":{"rendered":"https:\/\/www.visitmarjan.com\/?page_id=4168"},"modified":"2023-03-15T09:29:49","modified_gmt":"2023-03-15T08:29:49","slug":"skola-u-prirodi","status":"publish","type":"page","link":"https:\/\/www.visitmarjan.com\/en\/skola-u-prirodi\/","title":{"rendered":"School in nature"},"content":{"rendered":"<p class=\"odlomak\" style=\"margin-left: 128px; margin-bottom: 30px; margin-right: 335px;\">Within the framework of the project Marjan 2020 \u2013 Hill of the Past, Oasis of the Future, and as part of the School in Nature Program, the former dovecote was renovated and transformed into an educational pavilion, which today functions as an outdoor classroom. Another part of it is an educational vegetable garden intended for planting vegetables, fruits, medicinal herbs and flowering plants. These activities aim to encourage children to spend more time outdoors and interact with each other, and they are carried out in collaboration with schools and preschool education institutions.<\/p>\n<p class=\"odlomak\" style=\"margin-left: 128px; margin-bottom: 30px; margin-right: 335px;\">As part of the School in Nature program, children learn about biodiversity, natural processes, nature conservation, and coexistence with the environment. The content is tailored to their age and emphasizes the importance of continuous play.<\/p>\n<p class=\"odlomak\" style=\"margin-left: 128px; margin-bottom: 30px; margin-right: 335px;\">Ultimately, this is a public space used for both education and child development. Therefore, we kindly request citizens not to damage or harvest fruits from the vegetable garden, as they are intended for humanitarian and educational purposes, and great effort was put forth to create this.<\/p>\n<p>&nbsp;<\/p>\n<p><strong><\/strong><\/p>\n<p>&nbsp;<\/p>","protected":false},"excerpt":{"rendered":"<p>U okviru projekta Marjan 2020 \u2013 brdo pro\u0161losti, oaza budu\u0107nosti, a kao dio \u0160kole u prirodi, saniran je biv\u0161i golubarnik i prenamijenjen u edukacijski paviljon, u\u010dionicu na otvorenom. Drugi njen dio je edukativni povrtnjak namijenjen sadnji povr\u0107a, vo\u0107a, ljekovitog bilja i cvjetnica. Svrha ovog sklopa sadr\u017eaja edukacijskog tipa je boravak djece na otvorenom i interaktivno [&hellip;]<\/p>","protected":false},"author":1,"featured_media":4118,"parent":0,"menu_order":0,"comment_status":"closed","ping_status":"closed","template":"","meta":{"inline_featured_image":false,"footnotes":""},"acf":[],"yoast_head":"<!-- This site is optimized with the Yoast SEO plugin v22.2 - https:\/\/yoast.com\/wordpress\/plugins\/seo\/ -->\n<title>\u0160kola u prirodi - Marjan<\/title>\n<meta name=\"robots\" content=\"index, follow, max-snippet:-1, max-image-preview:large, max-video-preview:-1\" \/>\n<link rel=\"canonical\" href=\"https:\/\/www.visitmarjan.com\/en\/skola-u-prirodi\/\" \/>\n<meta property=\"og:locale\" content=\"en_GB\" \/>\n<meta property=\"og:type\" content=\"article\" \/>\n<meta property=\"og:title\" content=\"\u0160kola u prirodi - Marjan\" \/>\n<meta property=\"og:description\" content=\"U okviru projekta Marjan 2020 \u2013 brdo pro\u0161losti, oaza budu\u0107nosti, a kao dio \u0160kole u prirodi, saniran je biv\u0161i golubarnik i prenamijenjen u edukacijski paviljon, u\u010dionicu na otvorenom. Drugi njen dio je edukativni povrtnjak namijenjen sadnji povr\u0107a, vo\u0107a, ljekovitog bilja i cvjetnica. Svrha ovog sklopa sadr\u017eaja edukacijskog tipa je boravak djece na otvorenom i interaktivno [&hellip;]\" \/>\n<meta property=\"og:url\" content=\"https:\/\/www.visitmarjan.com\/en\/skola-u-prirodi\/\" \/>\n<meta property=\"og:site_name\" content=\"Marjan\" \/>\n<meta property=\"article:modified_time\" content=\"2023-03-15T08:29:49+00:00\" \/>\n<meta property=\"og:image\" content=\"https:\/\/www.visitmarjan.com\/wp-content\/uploads\/2021\/12\/image130-min.jpg\" \/>\n\t<meta property=\"og:image:width\" content=\"2048\" \/>\n\t<meta property=\"og:image:height\" content=\"1364\" \/>\n\t<meta property=\"og:image:type\" content=\"image\/jpeg\" \/>\n<meta name=\"twitter:card\" content=\"summary_large_image\" \/>\n<meta name=\"twitter:label1\" content=\"Estimated reading time\" \/>\n\t<meta name=\"twitter:data1\" content=\"1 minute\" \/>\n<script type=\"application\/ld+json\" class=\"yoast-schema-graph\">{\"@context\":\"https:\/\/schema.org\",\"@graph\":[{\"@type\":\"WebPage\",\"@id\":\"https:\/\/www.visitmarjan.com\/skola-u-prirodi\/\",\"url\":\"https:\/\/www.visitmarjan.com\/skola-u-prirodi\/\",\"name\":\"\u0160kola u prirodi - Marjan\",\"isPartOf\":{\"@id\":\"https:\/\/www.visitmarjan.com\/#website\"},\"primaryImageOfPage\":{\"@id\":\"https:\/\/www.visitmarjan.com\/skola-u-prirodi\/#primaryimage\"},\"image\":{\"@id\":\"https:\/\/www.visitmarjan.com\/skola-u-prirodi\/#primaryimage\"},\"thumbnailUrl\":\"https:\/\/www.visitmarjan.com\/wp-content\/uploads\/2021\/12\/image130-min.jpg\",\"datePublished\":\"2021-12-20T10:37:07+00:00\",\"dateModified\":\"2023-03-15T08:29:49+00:00\",\"breadcrumb\":{\"@id\":\"https:\/\/www.visitmarjan.com\/skola-u-prirodi\/#breadcrumb\"},\"inLanguage\":\"en-GB\",\"potentialAction\":[{\"@type\":\"ReadAction\",\"target\":[\"https:\/\/www.visitmarjan.com\/skola-u-prirodi\/\"]}]},{\"@type\":\"ImageObject\",\"inLanguage\":\"en-GB\",\"@id\":\"https:\/\/www.visitmarjan.com\/skola-u-prirodi\/#primaryimage\",\"url\":\"https:\/\/www.visitmarjan.com\/wp-content\/uploads\/2021\/12\/image130-min.jpg\",\"contentUrl\":\"https:\/\/www.visitmarjan.com\/wp-content\/uploads\/2021\/12\/image130-min.jpg\",\"width\":2048,\"height\":1364,\"caption\":\"dje\u010dji grad\"},{\"@type\":\"BreadcrumbList\",\"@id\":\"https:\/\/www.visitmarjan.com\/skola-u-prirodi\/#breadcrumb\",\"itemListElement\":[{\"@type\":\"ListItem\",\"position\":1,\"name\":\"Home\",\"item\":\"https:\/\/www.visitmarjan.com\/\"},{\"@type\":\"ListItem\",\"position\":2,\"name\":\"\u0160kola u prirodi\"}]},{\"@type\":\"WebSite\",\"@id\":\"https:\/\/www.visitmarjan.com\/#website\",\"url\":\"https:\/\/www.visitmarjan.com\/\",\"name\":\"Marjan\",\"description\":\"\",\"potentialAction\":[{\"@type\":\"SearchAction\",\"target\":{\"@type\":\"EntryPoint\",\"urlTemplate\":\"https:\/\/www.visitmarjan.com\/?s={search_term_string}\"},\"query-input\":\"required name=search_term_string\"}],\"inLanguage\":\"en-GB\"}]}<\/script>\n<!-- \/ Yoast SEO plugin. -->","yoast_head_json":{"title":"\u0160kola u prirodi - Marjan","robots":{"index":"index","follow":"follow","max-snippet":"max-snippet:-1","max-image-preview":"max-image-preview:large","max-video-preview":"max-video-preview:-1"},"canonical":"https:\/\/www.visitmarjan.com\/en\/skola-u-prirodi\/","og_locale":"en_GB","og_type":"article","og_title":"\u0160kola u prirodi - Marjan","og_description":"U okviru projekta Marjan 2020 \u2013 brdo pro\u0161losti, oaza budu\u0107nosti, a kao dio \u0160kole u prirodi, saniran je biv\u0161i golubarnik i prenamijenjen u edukacijski paviljon, u\u010dionicu na otvorenom. Drugi njen dio je edukativni povrtnjak namijenjen sadnji povr\u0107a, vo\u0107a, ljekovitog bilja i cvjetnica. Svrha ovog sklopa sadr\u017eaja edukacijskog tipa je boravak djece na otvorenom i interaktivno [&hellip;]","og_url":"https:\/\/www.visitmarjan.com\/en\/skola-u-prirodi\/","og_site_name":"Marjan","article_modified_time":"2023-03-15T08:29:49+00:00","og_image":[{"width":2048,"height":1364,"url":"https:\/\/www.visitmarjan.com\/wp-content\/uploads\/2021\/12\/image130-min.jpg","type":"image\/jpeg"}],"twitter_card":"summary_large_image","twitter_misc":{"Estimated reading time":"1 minute"},"schema":{"@context":"https:\/\/schema.org","@graph":[{"@type":"WebPage","@id":"https:\/\/www.visitmarjan.com\/skola-u-prirodi\/","url":"https:\/\/www.visitmarjan.com\/skola-u-prirodi\/","name":"\u0160kola u prirodi - Marjan","isPartOf":{"@id":"https:\/\/www.visitmarjan.com\/#website"},"primaryImageOfPage":{"@id":"https:\/\/www.visitmarjan.com\/skola-u-prirodi\/#primaryimage"},"image":{"@id":"https:\/\/www.visitmarjan.com\/skola-u-prirodi\/#primaryimage"},"thumbnailUrl":"https:\/\/www.visitmarjan.com\/wp-content\/uploads\/2021\/12\/image130-min.jpg","datePublished":"2021-12-20T10:37:07+00:00","dateModified":"2023-03-15T08:29:49+00:00","breadcrumb":{"@id":"https:\/\/www.visitmarjan.com\/skola-u-prirodi\/#breadcrumb"},"inLanguage":"en-GB","potentialAction":[{"@type":"ReadAction","target":["https:\/\/www.visitmarjan.com\/skola-u-prirodi\/"]}]},{"@type":"ImageObject","inLanguage":"en-GB","@id":"https:\/\/www.visitmarjan.com\/skola-u-prirodi\/#primaryimage","url":"https:\/\/www.visitmarjan.com\/wp-content\/uploads\/2021\/12\/image130-min.jpg","contentUrl":"https:\/\/www.visitmarjan.com\/wp-content\/uploads\/2021\/12\/image130-min.jpg","width":2048,"height":1364,"caption":"dje\u010dji grad"},{"@type":"BreadcrumbList","@id":"https:\/\/www.visitmarjan.com\/skola-u-prirodi\/#breadcrumb","itemListElement":[{"@type":"ListItem","position":1,"name":"Home","item":"https:\/\/www.visitmarjan.com\/"},{"@type":"ListItem","position":2,"name":"\u0160kola u prirodi"}]},{"@type":"WebSite","@id":"https:\/\/www.visitmarjan.com\/#website","url":"https:\/\/www.visitmarjan.com\/","name":"Marjan","description":"","potentialAction":[{"@type":"SearchAction","target":{"@type":"EntryPoint","urlTemplate":"https:\/\/www.visitmarjan.com\/?s={search_term_string}"},"query-input":"required name=search_term_string"}],"inLanguage":"en-GB"}]}},"_links":{"self":[{"href":"https:\/\/www.visitmarjan.com\/en\/wp-json\/wp\/v2\/pages\/4168"}],"collection":[{"href":"https:\/\/www.visitmarjan.com\/en\/wp-json\/wp\/v2\/pages"}],"about":[{"href":"https:\/\/www.visitmarjan.com\/en\/wp-json\/wp\/v2\/types\/page"}],"author":[{"embeddable":true,"href":"https:\/\/www.visitmarjan.com\/en\/wp-json\/wp\/v2\/users\/1"}],"replies":[{"embeddable":true,"href":"https:\/\/www.visitmarjan.com\/en\/wp-json\/wp\/v2\/comments?post=4168"}],"version-history":[{"count":4,"href":"https:\/\/www.visitmarjan.com\/en\/wp-json\/wp\/v2\/pages\/4168\/revisions"}],"predecessor-version":[{"id":5135,"href":"https:\/\/www.visitmarjan.com\/en\/wp-json\/wp\/v2\/pages\/4168\/revisions\/5135"}],"wp:featuredmedia":[{"embeddable":true,"href":"https:\/\/www.visitmarjan.com\/en\/wp-json\/wp\/v2\/media\/4118"}],"wp:attachment":[{"href":"https:\/\/www.visitmarjan.com\/en\/wp-json\/wp\/v2\/media?parent=4168"}],"curies":[{"name":"wp","href":"https:\/\/api.w.org\/{rel}","templated":true}]}}