{"id":4174,"date":"2021-12-20T11:41:22","date_gmt":"2021-12-20T10:41:22","guid":{"rendered":"https:\/\/www.visitmarjan.com\/?page_id=4174"},"modified":"2021-12-20T12:00:13","modified_gmt":"2021-12-20T11:00:13","slug":"trim-staza","status":"publish","type":"page","link":"https:\/\/www.visitmarjan.com\/en\/trim-staza\/","title":{"rendered":"Trim trail"},"content":{"rendered":"<p class=\"odlomak\" style=\"margin-left: 128px; margin-bottom: 30px; margin-right: 335px;\">The trim trail in Marjan forest park runs parallel to the park\u2019s northern coastal strip. Since it has a gravel surface, a large part of it needed replenishment, and in some sections, all layers and edges were repaired. The plan is to install wooden log elements along the path, as part of the existing training ground. Existing logs will be repaired and supplemented with new equipment. Additionally, appropriate signage will be installed to mark the path and exercise equipment.<\/p>\n<p class=\"odlomak\" style=\"margin-left: 128px; margin-bottom: 80px; margin-right: 335px;\">The original trim trail on Marjan was built in 1974.<\/p>","protected":false},"excerpt":{"rendered":"<p>Trim staza na Marjanu se prote\u017ee paralelno sa sjevernim obalnim pojasom Marjana koja za zavr\u0161ni sloj ima \u0161ljunak, stoga ga je bilo potrebno ve\u0107im dijelom nadohraniti, a na mjestima je izvr\u0161en popravak svih slojeva i rubova. Du\u017e staze biti \u0107e postavljeni pojedina\u010dni elementi vje\u017ebali\u0161ta u vidu drvenih trupaca te \u0107e se obaviti reparacija postoje\u0107ih i [&hellip;]<\/p>","protected":false},"author":1,"featured_media":4183,"parent":0,"menu_order":0,"comment_status":"closed","ping_status":"closed","template":"","meta":{"inline_featured_image":false,"footnotes":""},"acf":[],"yoast_head":"<!-- This site is optimized with the Yoast SEO plugin v22.2 - https:\/\/yoast.com\/wordpress\/plugins\/seo\/ -->\n<title>Trim staza - Marjan<\/title>\n<meta name=\"robots\" content=\"index, follow, max-snippet:-1, max-image-preview:large, max-video-preview:-1\" \/>\n<link rel=\"canonical\" href=\"https:\/\/www.visitmarjan.com\/en\/trim-staza\/\" \/>\n<meta property=\"og:locale\" content=\"en_GB\" \/>\n<meta property=\"og:type\" content=\"article\" \/>\n<meta property=\"og:title\" content=\"Trim staza - Marjan\" \/>\n<meta property=\"og:description\" content=\"Trim staza na Marjanu se prote\u017ee paralelno sa sjevernim obalnim pojasom Marjana koja za zavr\u0161ni sloj ima \u0161ljunak, stoga ga je bilo potrebno ve\u0107im dijelom nadohraniti, a na mjestima je izvr\u0161en popravak svih slojeva i rubova. Du\u017e staze biti \u0107e postavljeni pojedina\u010dni elementi vje\u017ebali\u0161ta u vidu drvenih trupaca te \u0107e se obaviti reparacija postoje\u0107ih i [&hellip;]\" \/>\n<meta property=\"og:url\" content=\"https:\/\/www.visitmarjan.com\/en\/trim-staza\/\" \/>\n<meta property=\"og:site_name\" content=\"Marjan\" \/>\n<meta property=\"article:modified_time\" content=\"2021-12-20T11:00:13+00:00\" \/>\n<meta property=\"og:image\" content=\"https:\/\/www.visitmarjan.com\/wp-content\/uploads\/2021\/12\/vbas8859-min-scaled.jpg\" \/>\n\t<meta property=\"og:image:width\" content=\"2560\" \/>\n\t<meta property=\"og:image:height\" content=\"1652\" \/>\n\t<meta property=\"og:image:type\" content=\"image\/jpeg\" \/>\n<meta name=\"twitter:card\" content=\"summary_large_image\" \/>\n<script type=\"application\/ld+json\" class=\"yoast-schema-graph\">{\"@context\":\"https:\/\/schema.org\",\"@graph\":[{\"@type\":\"WebPage\",\"@id\":\"https:\/\/www.visitmarjan.com\/trim-staza\/\",\"url\":\"https:\/\/www.visitmarjan.com\/trim-staza\/\",\"name\":\"Trim staza - Marjan\",\"isPartOf\":{\"@id\":\"https:\/\/www.visitmarjan.com\/#website\"},\"primaryImageOfPage\":{\"@id\":\"https:\/\/www.visitmarjan.com\/trim-staza\/#primaryimage\"},\"image\":{\"@id\":\"https:\/\/www.visitmarjan.com\/trim-staza\/#primaryimage\"},\"thumbnailUrl\":\"https:\/\/www.visitmarjan.com\/wp-content\/uploads\/2021\/12\/vbas8859-min-scaled.jpg\",\"datePublished\":\"2021-12-20T10:41:22+00:00\",\"dateModified\":\"2021-12-20T11:00:13+00:00\",\"breadcrumb\":{\"@id\":\"https:\/\/www.visitmarjan.com\/trim-staza\/#breadcrumb\"},\"inLanguage\":\"en-GB\",\"potentialAction\":[{\"@type\":\"ReadAction\",\"target\":[\"https:\/\/www.visitmarjan.com\/trim-staza\/\"]}]},{\"@type\":\"ImageObject\",\"inLanguage\":\"en-GB\",\"@id\":\"https:\/\/www.visitmarjan.com\/trim-staza\/#primaryimage\",\"url\":\"https:\/\/www.visitmarjan.com\/wp-content\/uploads\/2021\/12\/vbas8859-min-scaled.jpg\",\"contentUrl\":\"https:\/\/www.visitmarjan.com\/wp-content\/uploads\/2021\/12\/vbas8859-min-scaled.jpg\",\"width\":2560,\"height\":1652,\"caption\":\"Trim staza\"},{\"@type\":\"BreadcrumbList\",\"@id\":\"https:\/\/www.visitmarjan.com\/trim-staza\/#breadcrumb\",\"itemListElement\":[{\"@type\":\"ListItem\",\"position\":1,\"name\":\"Home\",\"item\":\"https:\/\/www.visitmarjan.com\/\"},{\"@type\":\"ListItem\",\"position\":2,\"name\":\"Trim staza\"}]},{\"@type\":\"WebSite\",\"@id\":\"https:\/\/www.visitmarjan.com\/#website\",\"url\":\"https:\/\/www.visitmarjan.com\/\",\"name\":\"Marjan\",\"description\":\"\",\"potentialAction\":[{\"@type\":\"SearchAction\",\"target\":{\"@type\":\"EntryPoint\",\"urlTemplate\":\"https:\/\/www.visitmarjan.com\/?s={search_term_string}\"},\"query-input\":\"required name=search_term_string\"}],\"inLanguage\":\"en-GB\"}]}<\/script>\n<!-- \/ Yoast SEO plugin. -->","yoast_head_json":{"title":"Trim staza - Marjan","robots":{"index":"index","follow":"follow","max-snippet":"max-snippet:-1","max-image-preview":"max-image-preview:large","max-video-preview":"max-video-preview:-1"},"canonical":"https:\/\/www.visitmarjan.com\/en\/trim-staza\/","og_locale":"en_GB","og_type":"article","og_title":"Trim staza - Marjan","og_description":"Trim staza na Marjanu se prote\u017ee paralelno sa sjevernim obalnim pojasom Marjana koja za zavr\u0161ni sloj ima \u0161ljunak, stoga ga je bilo potrebno ve\u0107im dijelom nadohraniti, a na mjestima je izvr\u0161en popravak svih slojeva i rubova. Du\u017e staze biti \u0107e postavljeni pojedina\u010dni elementi vje\u017ebali\u0161ta u vidu drvenih trupaca te \u0107e se obaviti reparacija postoje\u0107ih i [&hellip;]","og_url":"https:\/\/www.visitmarjan.com\/en\/trim-staza\/","og_site_name":"Marjan","article_modified_time":"2021-12-20T11:00:13+00:00","og_image":[{"width":2560,"height":1652,"url":"https:\/\/www.visitmarjan.com\/wp-content\/uploads\/2021\/12\/vbas8859-min-scaled.jpg","type":"image\/jpeg"}],"twitter_card":"summary_large_image","schema":{"@context":"https:\/\/schema.org","@graph":[{"@type":"WebPage","@id":"https:\/\/www.visitmarjan.com\/trim-staza\/","url":"https:\/\/www.visitmarjan.com\/trim-staza\/","name":"Trim staza - Marjan","isPartOf":{"@id":"https:\/\/www.visitmarjan.com\/#website"},"primaryImageOfPage":{"@id":"https:\/\/www.visitmarjan.com\/trim-staza\/#primaryimage"},"image":{"@id":"https:\/\/www.visitmarjan.com\/trim-staza\/#primaryimage"},"thumbnailUrl":"https:\/\/www.visitmarjan.com\/wp-content\/uploads\/2021\/12\/vbas8859-min-scaled.jpg","datePublished":"2021-12-20T10:41:22+00:00","dateModified":"2021-12-20T11:00:13+00:00","breadcrumb":{"@id":"https:\/\/www.visitmarjan.com\/trim-staza\/#breadcrumb"},"inLanguage":"en-GB","potentialAction":[{"@type":"ReadAction","target":["https:\/\/www.visitmarjan.com\/trim-staza\/"]}]},{"@type":"ImageObject","inLanguage":"en-GB","@id":"https:\/\/www.visitmarjan.com\/trim-staza\/#primaryimage","url":"https:\/\/www.visitmarjan.com\/wp-content\/uploads\/2021\/12\/vbas8859-min-scaled.jpg","contentUrl":"https:\/\/www.visitmarjan.com\/wp-content\/uploads\/2021\/12\/vbas8859-min-scaled.jpg","width":2560,"height":1652,"caption":"Trim staza"},{"@type":"BreadcrumbList","@id":"https:\/\/www.visitmarjan.com\/trim-staza\/#breadcrumb","itemListElement":[{"@type":"ListItem","position":1,"name":"Home","item":"https:\/\/www.visitmarjan.com\/"},{"@type":"ListItem","position":2,"name":"Trim staza"}]},{"@type":"WebSite","@id":"https:\/\/www.visitmarjan.com\/#website","url":"https:\/\/www.visitmarjan.com\/","name":"Marjan","description":"","potentialAction":[{"@type":"SearchAction","target":{"@type":"EntryPoint","urlTemplate":"https:\/\/www.visitmarjan.com\/?s={search_term_string}"},"query-input":"required name=search_term_string"}],"inLanguage":"en-GB"}]}},"_links":{"self":[{"href":"https:\/\/www.visitmarjan.com\/en\/wp-json\/wp\/v2\/pages\/4174"}],"collection":[{"href":"https:\/\/www.visitmarjan.com\/en\/wp-json\/wp\/v2\/pages"}],"about":[{"href":"https:\/\/www.visitmarjan.com\/en\/wp-json\/wp\/v2\/types\/page"}],"author":[{"embeddable":true,"href":"https:\/\/www.visitmarjan.com\/en\/wp-json\/wp\/v2\/users\/1"}],"replies":[{"embeddable":true,"href":"https:\/\/www.visitmarjan.com\/en\/wp-json\/wp\/v2\/comments?post=4174"}],"version-history":[{"count":7,"href":"https:\/\/www.visitmarjan.com\/en\/wp-json\/wp\/v2\/pages\/4174\/revisions"}],"predecessor-version":[{"id":4187,"href":"https:\/\/www.visitmarjan.com\/en\/wp-json\/wp\/v2\/pages\/4174\/revisions\/4187"}],"wp:featuredmedia":[{"embeddable":true,"href":"https:\/\/www.visitmarjan.com\/en\/wp-json\/wp\/v2\/media\/4183"}],"wp:attachment":[{"href":"https:\/\/www.visitmarjan.com\/en\/wp-json\/wp\/v2\/media?parent=4174"}],"curies":[{"name":"wp","href":"https:\/\/api.w.org\/{rel}","templated":true}]}}