{"id":4188,"date":"2021-12-20T11:49:56","date_gmt":"2021-12-20T10:49:56","guid":{"rendered":"https:\/\/www.visitmarjan.com\/?page_id=4188"},"modified":"2023-03-15T10:16:09","modified_gmt":"2023-03-15T09:16:09","slug":"vidikovci","status":"publish","type":"page","link":"https:\/\/www.visitmarjan.com\/en\/vidikovci\/","title":{"rendered":"Lookout Points"},"content":{"rendered":"<p class=\"odlomak\" style=\"margin-left: 128px; margin-bottom: 80px; margin-right: 335px;\">There are several lookout points on Marjan, most of which were constructed from 1921, in the period when roads and lookout points were built on Marjan.<\/p>\n<p class=\"odlomak\" style=\"margin-left: 128px; margin-bottom: 80px; margin-right: 335px;\">The observatory at Sedlo will soon be completely replaced and adapted to meet the needs of sustainable and modern tourism. The new observatory will become one of Split\u2019s tourist attractions, with an exceptional view of the central Dalmatian islands and the entire Ka\u0161tel Bay. It will be accessible to people with disabilities and will feature numerous educational elements.<\/p>","protected":false},"excerpt":{"rendered":"<p>Na Marjanu postoji \u010ditavi niz vidikovaca od kojih je ve\u0107ina u dana\u0161njem obliku izgra\u0111ena od 1921., od vremena kad su se na Marjanu gradili putevi i vidikovci. Promatra\u010dnica na Sedlu trenuta\u010dno postoji kao sadr\u017eaj, me\u0111utim biti \u0107e u potpunosti zamijenjena i prilago\u0111ena potrebama odr\u017eivog i suvremenog turista i posjetitelja. Nova promatra\u010dnica biti \u0107e jedna od [&hellip;]<\/p>","protected":false},"author":1,"featured_media":4202,"parent":0,"menu_order":0,"comment_status":"closed","ping_status":"closed","template":"","meta":{"inline_featured_image":false,"footnotes":""},"acf":[],"yoast_head":"<!-- This site is optimized with the Yoast SEO plugin v22.2 - https:\/\/yoast.com\/wordpress\/plugins\/seo\/ -->\n<title>Vidikovci - Marjan<\/title>\n<meta name=\"robots\" content=\"index, follow, max-snippet:-1, max-image-preview:large, max-video-preview:-1\" \/>\n<link rel=\"canonical\" href=\"https:\/\/www.visitmarjan.com\/en\/vidikovci\/\" \/>\n<meta property=\"og:locale\" content=\"en_GB\" \/>\n<meta property=\"og:type\" content=\"article\" \/>\n<meta property=\"og:title\" content=\"Vidikovci - Marjan\" \/>\n<meta property=\"og:description\" content=\"Na Marjanu postoji \u010ditavi niz vidikovaca od kojih je ve\u0107ina u dana\u0161njem obliku izgra\u0111ena od 1921., od vremena kad su se na Marjanu gradili putevi i vidikovci. Promatra\u010dnica na Sedlu trenuta\u010dno postoji kao sadr\u017eaj, me\u0111utim biti \u0107e u potpunosti zamijenjena i prilago\u0111ena potrebama odr\u017eivog i suvremenog turista i posjetitelja. Nova promatra\u010dnica biti \u0107e jedna od [&hellip;]\" \/>\n<meta property=\"og:url\" content=\"https:\/\/www.visitmarjan.com\/en\/vidikovci\/\" \/>\n<meta property=\"og:site_name\" content=\"Marjan\" \/>\n<meta property=\"article:modified_time\" content=\"2023-03-15T09:16:09+00:00\" \/>\n<meta property=\"og:image\" content=\"https:\/\/www.visitmarjan.com\/wp-content\/uploads\/2021\/12\/prvavidilica13-min-scaled-e1640006897470.jpg\" \/>\n\t<meta property=\"og:image:width\" content=\"2560\" \/>\n\t<meta property=\"og:image:height\" content=\"1094\" \/>\n\t<meta property=\"og:image:type\" content=\"image\/jpeg\" \/>\n<meta name=\"twitter:card\" content=\"summary_large_image\" \/>\n<meta name=\"twitter:label1\" content=\"Estimated reading time\" \/>\n\t<meta name=\"twitter:data1\" content=\"1 minute\" \/>\n<script type=\"application\/ld+json\" class=\"yoast-schema-graph\">{\"@context\":\"https:\/\/schema.org\",\"@graph\":[{\"@type\":\"WebPage\",\"@id\":\"https:\/\/www.visitmarjan.com\/vidikovci\/\",\"url\":\"https:\/\/www.visitmarjan.com\/vidikovci\/\",\"name\":\"Vidikovci - Marjan\",\"isPartOf\":{\"@id\":\"https:\/\/www.visitmarjan.com\/#website\"},\"primaryImageOfPage\":{\"@id\":\"https:\/\/www.visitmarjan.com\/vidikovci\/#primaryimage\"},\"image\":{\"@id\":\"https:\/\/www.visitmarjan.com\/vidikovci\/#primaryimage\"},\"thumbnailUrl\":\"https:\/\/www.visitmarjan.com\/wp-content\/uploads\/2021\/12\/prvavidilica13-min-scaled-e1640006897470.jpg\",\"datePublished\":\"2021-12-20T10:49:56+00:00\",\"dateModified\":\"2023-03-15T09:16:09+00:00\",\"breadcrumb\":{\"@id\":\"https:\/\/www.visitmarjan.com\/vidikovci\/#breadcrumb\"},\"inLanguage\":\"en-GB\",\"potentialAction\":[{\"@type\":\"ReadAction\",\"target\":[\"https:\/\/www.visitmarjan.com\/vidikovci\/\"]}]},{\"@type\":\"ImageObject\",\"inLanguage\":\"en-GB\",\"@id\":\"https:\/\/www.visitmarjan.com\/vidikovci\/#primaryimage\",\"url\":\"https:\/\/www.visitmarjan.com\/wp-content\/uploads\/2021\/12\/prvavidilica13-min-scaled-e1640006897470.jpg\",\"contentUrl\":\"https:\/\/www.visitmarjan.com\/wp-content\/uploads\/2021\/12\/prvavidilica13-min-scaled-e1640006897470.jpg\",\"width\":2560,\"height\":1094,\"caption\":\"prva vidilica\"},{\"@type\":\"BreadcrumbList\",\"@id\":\"https:\/\/www.visitmarjan.com\/vidikovci\/#breadcrumb\",\"itemListElement\":[{\"@type\":\"ListItem\",\"position\":1,\"name\":\"Home\",\"item\":\"https:\/\/www.visitmarjan.com\/\"},{\"@type\":\"ListItem\",\"position\":2,\"name\":\"Vidikovci\"}]},{\"@type\":\"WebSite\",\"@id\":\"https:\/\/www.visitmarjan.com\/#website\",\"url\":\"https:\/\/www.visitmarjan.com\/\",\"name\":\"Marjan\",\"description\":\"\",\"potentialAction\":[{\"@type\":\"SearchAction\",\"target\":{\"@type\":\"EntryPoint\",\"urlTemplate\":\"https:\/\/www.visitmarjan.com\/?s={search_term_string}\"},\"query-input\":\"required name=search_term_string\"}],\"inLanguage\":\"en-GB\"}]}<\/script>\n<!-- \/ Yoast SEO plugin. -->","yoast_head_json":{"title":"Vidikovci - Marjan","robots":{"index":"index","follow":"follow","max-snippet":"max-snippet:-1","max-image-preview":"max-image-preview:large","max-video-preview":"max-video-preview:-1"},"canonical":"https:\/\/www.visitmarjan.com\/en\/vidikovci\/","og_locale":"en_GB","og_type":"article","og_title":"Vidikovci - Marjan","og_description":"Na Marjanu postoji \u010ditavi niz vidikovaca od kojih je ve\u0107ina u dana\u0161njem obliku izgra\u0111ena od 1921., od vremena kad su se na Marjanu gradili putevi i vidikovci. Promatra\u010dnica na Sedlu trenuta\u010dno postoji kao sadr\u017eaj, me\u0111utim biti \u0107e u potpunosti zamijenjena i prilago\u0111ena potrebama odr\u017eivog i suvremenog turista i posjetitelja. Nova promatra\u010dnica biti \u0107e jedna od [&hellip;]","og_url":"https:\/\/www.visitmarjan.com\/en\/vidikovci\/","og_site_name":"Marjan","article_modified_time":"2023-03-15T09:16:09+00:00","og_image":[{"width":2560,"height":1094,"url":"https:\/\/www.visitmarjan.com\/wp-content\/uploads\/2021\/12\/prvavidilica13-min-scaled-e1640006897470.jpg","type":"image\/jpeg"}],"twitter_card":"summary_large_image","twitter_misc":{"Estimated reading time":"1 minute"},"schema":{"@context":"https:\/\/schema.org","@graph":[{"@type":"WebPage","@id":"https:\/\/www.visitmarjan.com\/vidikovci\/","url":"https:\/\/www.visitmarjan.com\/vidikovci\/","name":"Vidikovci - Marjan","isPartOf":{"@id":"https:\/\/www.visitmarjan.com\/#website"},"primaryImageOfPage":{"@id":"https:\/\/www.visitmarjan.com\/vidikovci\/#primaryimage"},"image":{"@id":"https:\/\/www.visitmarjan.com\/vidikovci\/#primaryimage"},"thumbnailUrl":"https:\/\/www.visitmarjan.com\/wp-content\/uploads\/2021\/12\/prvavidilica13-min-scaled-e1640006897470.jpg","datePublished":"2021-12-20T10:49:56+00:00","dateModified":"2023-03-15T09:16:09+00:00","breadcrumb":{"@id":"https:\/\/www.visitmarjan.com\/vidikovci\/#breadcrumb"},"inLanguage":"en-GB","potentialAction":[{"@type":"ReadAction","target":["https:\/\/www.visitmarjan.com\/vidikovci\/"]}]},{"@type":"ImageObject","inLanguage":"en-GB","@id":"https:\/\/www.visitmarjan.com\/vidikovci\/#primaryimage","url":"https:\/\/www.visitmarjan.com\/wp-content\/uploads\/2021\/12\/prvavidilica13-min-scaled-e1640006897470.jpg","contentUrl":"https:\/\/www.visitmarjan.com\/wp-content\/uploads\/2021\/12\/prvavidilica13-min-scaled-e1640006897470.jpg","width":2560,"height":1094,"caption":"prva vidilica"},{"@type":"BreadcrumbList","@id":"https:\/\/www.visitmarjan.com\/vidikovci\/#breadcrumb","itemListElement":[{"@type":"ListItem","position":1,"name":"Home","item":"https:\/\/www.visitmarjan.com\/"},{"@type":"ListItem","position":2,"name":"Vidikovci"}]},{"@type":"WebSite","@id":"https:\/\/www.visitmarjan.com\/#website","url":"https:\/\/www.visitmarjan.com\/","name":"Marjan","description":"","potentialAction":[{"@type":"SearchAction","target":{"@type":"EntryPoint","urlTemplate":"https:\/\/www.visitmarjan.com\/?s={search_term_string}"},"query-input":"required name=search_term_string"}],"inLanguage":"en-GB"}]}},"_links":{"self":[{"href":"https:\/\/www.visitmarjan.com\/en\/wp-json\/wp\/v2\/pages\/4188"}],"collection":[{"href":"https:\/\/www.visitmarjan.com\/en\/wp-json\/wp\/v2\/pages"}],"about":[{"href":"https:\/\/www.visitmarjan.com\/en\/wp-json\/wp\/v2\/types\/page"}],"author":[{"embeddable":true,"href":"https:\/\/www.visitmarjan.com\/en\/wp-json\/wp\/v2\/users\/1"}],"replies":[{"embeddable":true,"href":"https:\/\/www.visitmarjan.com\/en\/wp-json\/wp\/v2\/comments?post=4188"}],"version-history":[{"count":15,"href":"https:\/\/www.visitmarjan.com\/en\/wp-json\/wp\/v2\/pages\/4188\/revisions"}],"predecessor-version":[{"id":5196,"href":"https:\/\/www.visitmarjan.com\/en\/wp-json\/wp\/v2\/pages\/4188\/revisions\/5196"}],"wp:featuredmedia":[{"embeddable":true,"href":"https:\/\/www.visitmarjan.com\/en\/wp-json\/wp\/v2\/media\/4202"}],"wp:attachment":[{"href":"https:\/\/www.visitmarjan.com\/en\/wp-json\/wp\/v2\/media?parent=4188"}],"curies":[{"name":"wp","href":"https:\/\/api.w.org\/{rel}","templated":true}]}}